{"id":31,"date":"2021-01-18T07:55:04","date_gmt":"2021-01-18T07:55:04","guid":{"rendered":"https:\/\/ld-wp73.template-help.com\/wordpress\/prod_7581\/v1\/?page_id=31"},"modified":"2022-09-15T13:23:45","modified_gmt":"2022-09-15T13:23:45","slug":"hakkimizda","status":"publish","type":"page","link":"https:\/\/usoarmatur.com\/ar\/hakkimizda\/","title":{"rendered":"\u0645\u0639\u0644\u0648\u0645\u0627\u062a \u0639\u0646\u0627"},"content":{"rendered":"<div data-elementor-type=\"wp-page\" data-elementor-id=\"31\" class=\"elementor elementor-31\">\n\t\t\t\t\t\t\t\t\t<section class=\"elementor-section elementor-top-section elementor-element elementor-element-0806a1a elementor-section-boxed elementor-section-height-default elementor-section-height-default\" data-id=\"0806a1a\" data-element_type=\"section\">\n\t\t\t\t\t\t<div class=\"elementor-container elementor-column-gap-default\">\n\t\t\t\t\t<div class=\"elementor-column elementor-col-50 elementor-top-column elementor-element elementor-element-7088318\" data-id=\"7088318\" data-element_type=\"column\">\n\t\t\t<div class=\"elementor-widget-wrap elementor-element-populated\">\n\t\t\t\t\t\t\t\t<div class=\"elementor-element elementor-element-84d9fda elementor-widget elementor-widget-image\" data-id=\"84d9fda\" data-element_type=\"widget\" data-widget_type=\"image.default\">\n\t\t\t\t<div class=\"elementor-widget-container\">\n\t\t\t<style>\/*! elementor - v3.15.0 - 20-08-2023 *\/\n.elementor-widget-image{text-align:center}.elementor-widget-image a{display:inline-block}.elementor-widget-image a img[src$=\".svg\"]{width:48px}.elementor-widget-image img{vertical-align:middle;display:inline-block}<\/style>\t\t\t\t\t\t\t\t\t\t\t\t<img decoding=\"async\" width=\"1536\" height=\"1024\" src=\"https:\/\/usoarmatur.com\/wp-content\/uploads\/2022\/08\/USO-Bina_2017_DSC7265-1536x1024.jpg\" class=\"attachment-1536x1536 size-1536x1536 wp-image-1031\" alt=\"\" srcset=\"https:\/\/usoarmatur.com\/wp-content\/uploads\/2022\/08\/USO-Bina_2017_DSC7265-1536x1024.jpg 1536w, https:\/\/usoarmatur.com\/wp-content\/uploads\/2022\/08\/USO-Bina_2017_DSC7265-300x200.jpg 300w, https:\/\/usoarmatur.com\/wp-content\/uploads\/2022\/08\/USO-Bina_2017_DSC7265-1024x683.jpg 1024w, https:\/\/usoarmatur.com\/wp-content\/uploads\/2022\/08\/USO-Bina_2017_DSC7265-768x512.jpg 768w, https:\/\/usoarmatur.com\/wp-content\/uploads\/2022\/08\/USO-Bina_2017_DSC7265-2048x1365.jpg 2048w, https:\/\/usoarmatur.com\/wp-content\/uploads\/2022\/08\/USO-Bina_2017_DSC7265-18x12.jpg 18w, https:\/\/usoarmatur.com\/wp-content\/uploads\/2022\/08\/USO-Bina_2017_DSC7265-600x400.jpg 600w\" sizes=\"(max-width: 1536px) 100vw, 1536px\" \/>\t\t\t\t\t\t\t\t\t\t\t\t\t\t\t<\/div>\n\t\t\t\t<\/div>\n\t\t\t\t\t<\/div>\n\t\t<\/div>\n\t\t\t\t<div class=\"elementor-column elementor-col-50 elementor-top-column elementor-element elementor-element-e4d743e\" data-id=\"e4d743e\" data-element_type=\"column\">\n\t\t\t<div class=\"elementor-widget-wrap elementor-element-populated\">\n\t\t\t\t\t\t\t\t<div class=\"elementor-element elementor-element-7ea659c elementor-widget elementor-widget-heading\" data-id=\"7ea659c\" data-element_type=\"widget\" data-widget_type=\"heading.default\">\n\t\t\t\t<div class=\"elementor-widget-container\">\n\t\t\t<style>\/*! elementor - v3.15.0 - 20-08-2023 *\/\n.elementor-heading-title{padding:0;margin:0;line-height:1}.elementor-widget-heading .elementor-heading-title[class*=elementor-size-]>a{color:inherit;font-size:inherit;line-height:inherit}.elementor-widget-heading .elementor-heading-title.elementor-size-small{font-size:15px}.elementor-widget-heading .elementor-heading-title.elementor-size-medium{font-size:19px}.elementor-widget-heading .elementor-heading-title.elementor-size-large{font-size:29px}.elementor-widget-heading .elementor-heading-title.elementor-size-xl{font-size:39px}.elementor-widget-heading .elementor-heading-title.elementor-size-xxl{font-size:59px}<\/style><h2 class=\"elementor-heading-title elementor-size-default\">\u062a\u0631\u0643\u064a\u0628\u0627\u062a \u0627\u0644\u0645\u064a\u0627\u0647<\/h2>\t\t<\/div>\n\t\t\t\t<\/div>\n\t\t\t\t<div class=\"elementor-element elementor-element-563eebc elementor-widget elementor-widget-text-editor\" data-id=\"563eebc\" data-element_type=\"widget\" data-widget_type=\"text-editor.default\">\n\t\t\t\t<div class=\"elementor-widget-container\">\n\t\t\t<style>\/*! elementor - v3.15.0 - 20-08-2023 *\/\n.elementor-widget-text-editor.elementor-drop-cap-view-stacked .elementor-drop-cap{background-color:#69727d;color:#fff}.elementor-widget-text-editor.elementor-drop-cap-view-framed .elementor-drop-cap{color:#69727d;border:3px solid;background-color:transparent}.elementor-widget-text-editor:not(.elementor-drop-cap-view-default) .elementor-drop-cap{margin-top:8px}.elementor-widget-text-editor:not(.elementor-drop-cap-view-default) .elementor-drop-cap-letter{width:1em;height:1em}.elementor-widget-text-editor .elementor-drop-cap{float:left;text-align:center;line-height:1;font-size:50px}.elementor-widget-text-editor .elementor-drop-cap-letter{display:inline-block}<\/style>\t\t\t\t<p><strong>\u00dcSO SU ARMAT\u00dcRLER\u0130<\/strong>, 20 y\u0131l\u0131 a\u015fan \u00fcretimi boyunca sahip oldu\u011fu bilgi ve tecr\u00fcbeyi, siz de\u011ferli m\u00fc\u015fterileri\u00a0 ile payla\u015fman\u0131n heyecan\u0131n\u0131 ya\u015famaktad\u0131r.<\/p><p><strong>\u00dcSO <\/strong>kuruldu\u011fu g\u00fcnden itibaren sahip oldu\u011fu uzman kadrosu ve son teknoloji ekipmanlar\u0131 ile batarya, musluk ve du\u015f setleri \u00fcretimleri yapmaktad\u0131r.<\/p><p>Firmam\u0131z\u0131n de\u011fi\u015fmez prensipleri \u2018KAL\u0130TEL\u0130 \u00dcR\u00dcN\u2019 , \u2018UYGUN F\u0130YAT\u2019, \u2018HIZLI TERM\u0130N\u2019 olmu\u015ftur.<\/p><p>Mutfak, Lavabo, Banyo ve Du\u015f Setleri \u00fcretimi yapan \u00dcSO; yurti\u00e7i ve yurtd\u0131\u015f\u0131nda hat\u0131r\u0131 say\u0131l\u0131r pazara sahip olmu\u015ftur.<\/p><p>\u00dcSO h\u0131z kesmeden \u00dclkesine \u0130stihdam\u0131 ve \u0130hracat\u0131 artt\u0131rmaya y\u00f6nelik yat\u0131r\u0131mlar\u0131yla hizmete devam etmektedir<\/p><p>\u00dcretimde ba\u015far\u0131 ve s\u00fcreklili\u011fin teminat\u0131 \u2018H\u0130ZMETTE D\u00dcR\u00dcSTL\u00dcK VE KAL\u0130TED\u0130R\u2019 prensibi ile \u00e7al\u0131\u015fan <strong>\u00dcSO<\/strong> ; g\u00f6sterdi\u011finiz yak\u0131n ilgi ve deste\u011finizden \u00f6t\u00fcr\u00fc sizlere te\u015fekk\u00fcr eder.<\/p>\t\t\t\t\t\t<\/div>\n\t\t\t\t<\/div>\n\t\t\t\t\t<\/div>\n\t\t<\/div>\n\t\t\t\t\t\t\t<\/div>\n\t\t<\/section>\n\t\t\t\t<section class=\"elementor-section elementor-top-section elementor-element elementor-element-1b650bd elementor-section-height-min-height elementor-section-boxed elementor-section-height-default elementor-section-items-middle\" data-id=\"1b650bd\" data-element_type=\"section\">\n\t\t\t\t\t\t<div class=\"elementor-container elementor-column-gap-default\">\n\t\t\t\t\t<div class=\"elementor-column elementor-col-100 elementor-top-column elementor-element elementor-element-59390a7\" data-id=\"59390a7\" data-element_type=\"column\">\n\t\t\t<div class=\"elementor-widget-wrap elementor-element-populated\">\n\t\t\t\t\t\t\t\t<div class=\"elementor-element elementor-element-11f93bf elementor-widget-divider--view-line_text elementor-widget-divider--element-align-center elementor-widget elementor-widget-divider\" data-id=\"11f93bf\" data-element_type=\"widget\" data-widget_type=\"divider.default\">\n\t\t\t\t<div class=\"elementor-widget-container\">\n\t\t\t<style>\/*! elementor - v3.15.0 - 20-08-2023 *\/\n.elementor-widget-divider{--divider-border-style:none;--divider-border-width:1px;--divider-color:#0c0d0e;--divider-icon-size:20px;--divider-element-spacing:10px;--divider-pattern-height:24px;--divider-pattern-size:20px;--divider-pattern-url:none;--divider-pattern-repeat:repeat-x}.elementor-widget-divider .elementor-divider{display:flex}.elementor-widget-divider .elementor-divider__text{font-size:15px;line-height:1;max-width:95%}.elementor-widget-divider .elementor-divider__element{margin:0 var(--divider-element-spacing);flex-shrink:0}.elementor-widget-divider .elementor-icon{font-size:var(--divider-icon-size)}.elementor-widget-divider .elementor-divider-separator{display:flex;margin:0;direction:ltr}.elementor-widget-divider--view-line_icon .elementor-divider-separator,.elementor-widget-divider--view-line_text .elementor-divider-separator{align-items:center}.elementor-widget-divider--view-line_icon .elementor-divider-separator:after,.elementor-widget-divider--view-line_icon .elementor-divider-separator:before,.elementor-widget-divider--view-line_text .elementor-divider-separator:after,.elementor-widget-divider--view-line_text .elementor-divider-separator:before{display:block;content:\"\";border-bottom:0;flex-grow:1;border-top:var(--divider-border-width) var(--divider-border-style) var(--divider-color)}.elementor-widget-divider--element-align-left .elementor-divider .elementor-divider-separator>.elementor-divider__svg:first-of-type{flex-grow:0;flex-shrink:100}.elementor-widget-divider--element-align-left .elementor-divider-separator:before{content:none}.elementor-widget-divider--element-align-left .elementor-divider__element{margin-left:0}.elementor-widget-divider--element-align-right .elementor-divider .elementor-divider-separator>.elementor-divider__svg:last-of-type{flex-grow:0;flex-shrink:100}.elementor-widget-divider--element-align-right .elementor-divider-separator:after{content:none}.elementor-widget-divider--element-align-right .elementor-divider__element{margin-right:0}.elementor-widget-divider:not(.elementor-widget-divider--view-line_text):not(.elementor-widget-divider--view-line_icon) .elementor-divider-separator{border-top:var(--divider-border-width) var(--divider-border-style) var(--divider-color)}.elementor-widget-divider--separator-type-pattern{--divider-border-style:none}.elementor-widget-divider--separator-type-pattern.elementor-widget-divider--view-line .elementor-divider-separator,.elementor-widget-divider--separator-type-pattern:not(.elementor-widget-divider--view-line) .elementor-divider-separator:after,.elementor-widget-divider--separator-type-pattern:not(.elementor-widget-divider--view-line) .elementor-divider-separator:before,.elementor-widget-divider--separator-type-pattern:not([class*=elementor-widget-divider--view]) .elementor-divider-separator{width:100%;min-height:var(--divider-pattern-height);-webkit-mask-size:var(--divider-pattern-size) 100%;mask-size:var(--divider-pattern-size) 100%;-webkit-mask-repeat:var(--divider-pattern-repeat);mask-repeat:var(--divider-pattern-repeat);background-color:var(--divider-color);-webkit-mask-image:var(--divider-pattern-url);mask-image:var(--divider-pattern-url)}.elementor-widget-divider--no-spacing{--divider-pattern-size:auto}.elementor-widget-divider--bg-round{--divider-pattern-repeat:round}.rtl .elementor-widget-divider .elementor-divider__text{direction:rtl}.e-con-inner>.elementor-widget-divider,.e-con>.elementor-widget-divider{width:var(--container-widget-width,100%);--flex-grow:var(--container-widget-flex-grow)}<\/style>\t\t<div class=\"elementor-divider\">\n\t\t\t<span class=\"elementor-divider-separator\">\n\t\t\t\t\t\t\t<span class=\"elementor-divider__text elementor-divider__element\">\n\t\t\t\t\u0645\u0639\u0644\u0648\u0645\u0627\u062a \u0627\u0644\u0634\u0631\u0643\u0629\t\t\t\t<\/span>\n\t\t\t\t\t\t<\/span>\n\t\t<\/div>\n\t\t\t\t<\/div>\n\t\t\t\t<\/div>\n\t\t\t\t\t<\/div>\n\t\t<\/div>\n\t\t\t\t\t\t\t<\/div>\n\t\t<\/section>\n\t\t\t\t<section class=\"elementor-section elementor-top-section elementor-element elementor-element-04ae529 elementor-section-height-min-height elementor-section-items-top elementor-section-boxed elementor-section-height-default\" data-id=\"04ae529\" data-element_type=\"section\" data-settings=\"{&quot;background_background&quot;:&quot;gradient&quot;}\">\n\t\t\t\t\t\t<div class=\"elementor-container elementor-column-gap-default\">\n\t\t\t\t\t<div class=\"elementor-column elementor-col-50 elementor-top-column elementor-element elementor-element-50541f4\" data-id=\"50541f4\" data-element_type=\"column\">\n\t\t\t<div class=\"elementor-widget-wrap elementor-element-populated\">\n\t\t\t\t\t\t\t\t<div class=\"elementor-element elementor-element-ccac3e6 elementor-widget elementor-widget-heading\" data-id=\"ccac3e6\" data-element_type=\"widget\" data-widget_type=\"heading.default\">\n\t\t\t\t<div class=\"elementor-widget-container\">\n\t\t\t<h2 class=\"elementor-heading-title elementor-size-default\">\u00dcSO SU ARMAT\u00dcRLER\u0130 \u0130N\u015eAAT MALZEMELER\u0130 SAN.VE DI\u015e T\u0130C.LTD.\u015eT\u0130.<\/h2>\t\t<\/div>\n\t\t\t\t<\/div>\n\t\t\t\t<div class=\"elementor-element elementor-element-5b16772 elementor-widget elementor-widget-text-editor\" data-id=\"5b16772\" data-element_type=\"widget\" data-widget_type=\"text-editor.default\">\n\t\t\t\t<div class=\"elementor-widget-container\">\n\t\t\t\t\t\t\t<p><strong>\u0645\u0631\u0643\u0632:<\/strong>\u00a0Kavakl\u0131 Mah. Kavakl\u0131 Cad.\u00a0No:\u00a025 Yakuplu Beylikd\u00fcz\u00fc\u00a0\/ \u0130STANBUL<\/p><p><strong>\u0631\u0642\u0645 \u0627\u0644\u062a\u0633\u062c\u064a\u0644:<\/strong>\u00a0613128<\/p><p><strong>\u0627\u0644\u0631\u0642\u0645 \u0627\u0644\u0636\u0631\u064a\u0628\u064a:<\/strong>\u00a0920 030 2066<\/p><p><strong>\u0631\u0623\u0633 \u0627\u0644\u0645\u0627\u0644:<\/strong>\u00a05.000.000,00 TL&#8217;dir.<\/p>\t\t\t\t\t\t<\/div>\n\t\t\t\t<\/div>\n\t\t\t\t\t<\/div>\n\t\t<\/div>\n\t\t\t\t<div class=\"elementor-column elementor-col-50 elementor-top-column elementor-element elementor-element-5fd699e\" data-id=\"5fd699e\" data-element_type=\"column\">\n\t\t\t<div class=\"elementor-widget-wrap elementor-element-populated\">\n\t\t\t\t\t\t\t\t<div class=\"elementor-element elementor-element-8343670 elementor-widget elementor-widget-text-editor\" data-id=\"8343670\" data-element_type=\"widget\" data-widget_type=\"text-editor.default\">\n\t\t\t\t<div class=\"elementor-widget-container\">\n\t\t\t\t\t\t\t<p><strong>\u0627\u0644\u0645\u062f\u064a\u0631 \u0627\u0644\u0639\u0627\u0645 :<\/strong> H\u00fcsamettin AHMETO\u011eLU<\/p><p><strong>\u0627\u0644\u0634\u0631\u0643\u0627\u0621:<\/strong> H\u00fcsamettin AHMETO\u011eLU<br \/>\u00a0 \u00a0 \u00a0 \u00a0 \u00a0 \u00a0 \u00a0 \u00a0 Taleh AHMETO\u011eLU <br \/>\u00a0 \u00a0 \u00a0 \u00a0 \u00a0 \u00a0 \u00a0 \u00a0 Elnur AHMETO\u011eLU<\/p>\t\t\t\t\t\t<\/div>\n\t\t\t\t<\/div>\n\t\t\t\t\t<\/div>\n\t\t<\/div>\n\t\t\t\t\t\t\t<\/div>\n\t\t<\/section>\n\t\t\t\t\t\t\t<\/div>","protected":false},"excerpt":{"rendered":"<p>\u00dcso Su Armat\u00fcrleri \u00dcSO SU ARMAT\u00dcRLER\u0130, 20 y\u0131l\u0131 a\u015fan \u00fcretimi boyunca sahip oldu\u011fu bilgi ve tecr\u00fcbeyi, siz de\u011ferli m\u00fc\u015fterileri\u00a0 ile payla\u015fman\u0131n heyecan\u0131n\u0131 ya\u015famaktad\u0131r. \u00dcSO kuruldu\u011fu g\u00fcnden itibaren sahip oldu\u011fu uzman kadrosu ve son teknoloji ekipmanlar\u0131 ile batarya, musluk ve du\u015f setleri \u00fcretimleri yapmaktad\u0131r. Firmam\u0131z\u0131n de\u011fi\u015fmez prensipleri \u2018KAL\u0130TEL\u0130 \u00dcR\u00dcN\u2019 , \u2018UYGUN F\u0130YAT\u2019, \u2018HIZLI TERM\u0130N\u2019 olmu\u015ftur. Mutfak, [&hellip;]<\/p>","protected":false},"author":1,"featured_media":0,"parent":0,"menu_order":0,"comment_status":"closed","ping_status":"closed","template":"elementor_header_footer","meta":{"footnotes":""},"class_list":["post-31","page","type-page","status-publish","hentry"],"yoast_head":"<!-- This site is optimized with the Yoast SEO plugin v21.0 - https:\/\/yoast.com\/wordpress\/plugins\/seo\/ -->\n<title>Hakk\u0131m\u0131zda - \u00dcSO SU ARMAT\u00dcRLER\u0130<\/title>\n<meta name=\"description\" content=\"\u00dcSO SU ARMAT\u00dcRLER\u0130 kuruldu\u011fu g\u00fcnden itibaren sahip oldu\u011fu uzman kadrosu ve son teknoloji ekipmanlar\u0131 ile batarya, , musluk ve du\u015f setleri \u00fcretimleri yapmaktad\u0131r.\" \/>\n<meta name=\"robots\" content=\"index, follow, max-snippet:-1, max-image-preview:large, max-video-preview:-1\" \/>\n<link rel=\"canonical\" href=\"https:\/\/usoarmatur.com\/ar\/hakkimizda\/\" \/>\n<meta property=\"og:locale\" content=\"ar_AR\" \/>\n<meta property=\"og:type\" content=\"article\" \/>\n<meta property=\"og:title\" content=\"Hakk\u0131m\u0131zda - \u00dcSO SU ARMAT\u00dcRLER\u0130\" \/>\n<meta property=\"og:description\" content=\"\u00dcSO SU ARMAT\u00dcRLER\u0130 kuruldu\u011fu g\u00fcnden itibaren sahip oldu\u011fu uzman kadrosu ve son teknoloji ekipmanlar\u0131 ile batarya, , musluk ve du\u015f setleri \u00fcretimleri yapmaktad\u0131r.\" \/>\n<meta property=\"og:url\" content=\"https:\/\/usoarmatur.com\/ar\/hakkimizda\/\" \/>\n<meta property=\"og:site_name\" content=\"\u00dcSO SU ARMAT\u00dcRLER\u0130\" \/>\n<meta property=\"article:modified_time\" content=\"2022-09-15T13:23:45+00:00\" \/>\n<meta property=\"og:image\" content=\"https:\/\/usoarmatur.com\/wp-content\/uploads\/2022\/08\/USO-Bina_2017_DSC7265-1536x1024.jpg\" \/>\n<meta name=\"twitter:card\" content=\"summary_large_image\" \/>\n<meta name=\"twitter:label1\" content=\"\u0648\u0642\u062a \u0627\u0644\u0642\u0631\u0627\u0621\u0629 \u0627\u0644\u0645\u064f\u0642\u062f\u0651\u0631\" \/>\n\t<meta name=\"twitter:data1\" content=\"\u062f\u0642\u064a\u0642\u0629 \u0648\u0627\u062d\u062f\u0629\" \/>\n<script type=\"application\/ld+json\" class=\"yoast-schema-graph\">{\"@context\":\"https:\/\/schema.org\",\"@graph\":[{\"@type\":\"WebPage\",\"@id\":\"https:\/\/usoarmatur.com\/hakkimizda\/\",\"url\":\"https:\/\/usoarmatur.com\/hakkimizda\/\",\"name\":\"Hakk\u0131m\u0131zda - \u00dcSO SU ARMAT\u00dcRLER\u0130\",\"isPartOf\":{\"@id\":\"https:\/\/usoarmatur.com\/#website\"},\"datePublished\":\"2021-01-18T07:55:04+00:00\",\"dateModified\":\"2022-09-15T13:23:45+00:00\",\"description\":\"\u00dcSO SU ARMAT\u00dcRLER\u0130 kuruldu\u011fu g\u00fcnden itibaren sahip oldu\u011fu uzman kadrosu ve son teknoloji ekipmanlar\u0131 ile batarya, , musluk ve du\u015f setleri \u00fcretimleri yapmaktad\u0131r.\",\"breadcrumb\":{\"@id\":\"https:\/\/usoarmatur.com\/hakkimizda\/#breadcrumb\"},\"inLanguage\":\"ar\",\"potentialAction\":[{\"@type\":\"ReadAction\",\"target\":[\"https:\/\/usoarmatur.com\/hakkimizda\/\"]}]},{\"@type\":\"BreadcrumbList\",\"@id\":\"https:\/\/usoarmatur.com\/hakkimizda\/#breadcrumb\",\"itemListElement\":[{\"@type\":\"ListItem\",\"position\":1,\"name\":\"Anasayfa\",\"item\":\"https:\/\/usoarmatur.com\/\"},{\"@type\":\"ListItem\",\"position\":2,\"name\":\"Hakk\u0131m\u0131zda\"}]},{\"@type\":\"WebSite\",\"@id\":\"https:\/\/usoarmatur.com\/#website\",\"url\":\"https:\/\/usoarmatur.com\/\",\"name\":\"\u00dcSO SU ARMAT\u00dcRLER\u0130\",\"description\":\"\",\"publisher\":{\"@id\":\"https:\/\/usoarmatur.com\/#organization\"},\"potentialAction\":[{\"@type\":\"SearchAction\",\"target\":{\"@type\":\"EntryPoint\",\"urlTemplate\":\"https:\/\/usoarmatur.com\/?s={search_term_string}\"},\"query-input\":\"required name=search_term_string\"}],\"inLanguage\":\"ar\"},{\"@type\":\"Organization\",\"@id\":\"https:\/\/usoarmatur.com\/#organization\",\"name\":\"\u00dcSO SU ARMAT\u00dcRLER\u0130\",\"url\":\"https:\/\/usoarmatur.com\/\",\"logo\":{\"@type\":\"ImageObject\",\"inLanguage\":\"ar\",\"@id\":\"https:\/\/usoarmatur.com\/#\/schema\/logo\/image\/\",\"url\":\"https:\/\/usoarmatur.com\/wp-content\/uploads\/2022\/08\/logo-uso-koyu.png\",\"contentUrl\":\"https:\/\/usoarmatur.com\/wp-content\/uploads\/2022\/08\/logo-uso-koyu.png\",\"width\":262,\"height\":170,\"caption\":\"\u00dcSO SU ARMAT\u00dcRLER\u0130\"},\"image\":{\"@id\":\"https:\/\/usoarmatur.com\/#\/schema\/logo\/image\/\"}}]}<\/script>\n<!-- \/ Yoast SEO plugin. -->","yoast_head_json":{"title":"Hakk\u0131m\u0131zda - \u00dcSO SU ARMAT\u00dcRLER\u0130","description":"\u00dcSO SU ARMAT\u00dcRLER\u0130 kuruldu\u011fu g\u00fcnden itibaren sahip oldu\u011fu uzman kadrosu ve son teknoloji ekipmanlar\u0131 ile batarya, , musluk ve du\u015f setleri \u00fcretimleri yapmaktad\u0131r.","robots":{"index":"index","follow":"follow","max-snippet":"max-snippet:-1","max-image-preview":"max-image-preview:large","max-video-preview":"max-video-preview:-1"},"canonical":"https:\/\/usoarmatur.com\/ar\/hakkimizda\/","og_locale":"ar_AR","og_type":"article","og_title":"Hakk\u0131m\u0131zda - \u00dcSO SU ARMAT\u00dcRLER\u0130","og_description":"\u00dcSO SU ARMAT\u00dcRLER\u0130 kuruldu\u011fu g\u00fcnden itibaren sahip oldu\u011fu uzman kadrosu ve son teknoloji ekipmanlar\u0131 ile batarya, , musluk ve du\u015f setleri \u00fcretimleri yapmaktad\u0131r.","og_url":"https:\/\/usoarmatur.com\/ar\/hakkimizda\/","og_site_name":"\u00dcSO SU ARMAT\u00dcRLER\u0130","article_modified_time":"2022-09-15T13:23:45+00:00","og_image":[{"url":"https:\/\/usoarmatur.com\/wp-content\/uploads\/2022\/08\/USO-Bina_2017_DSC7265-1536x1024.jpg"}],"twitter_card":"summary_large_image","twitter_misc":{"\u0648\u0642\u062a \u0627\u0644\u0642\u0631\u0627\u0621\u0629 \u0627\u0644\u0645\u064f\u0642\u062f\u0651\u0631":"\u062f\u0642\u064a\u0642\u0629 \u0648\u0627\u062d\u062f\u0629"},"schema":{"@context":"https:\/\/schema.org","@graph":[{"@type":"WebPage","@id":"https:\/\/usoarmatur.com\/hakkimizda\/","url":"https:\/\/usoarmatur.com\/hakkimizda\/","name":"Hakk\u0131m\u0131zda - \u00dcSO SU ARMAT\u00dcRLER\u0130","isPartOf":{"@id":"https:\/\/usoarmatur.com\/#website"},"datePublished":"2021-01-18T07:55:04+00:00","dateModified":"2022-09-15T13:23:45+00:00","description":"\u00dcSO SU ARMAT\u00dcRLER\u0130 kuruldu\u011fu g\u00fcnden itibaren sahip oldu\u011fu uzman kadrosu ve son teknoloji ekipmanlar\u0131 ile batarya, , musluk ve du\u015f setleri \u00fcretimleri yapmaktad\u0131r.","breadcrumb":{"@id":"https:\/\/usoarmatur.com\/hakkimizda\/#breadcrumb"},"inLanguage":"ar","potentialAction":[{"@type":"ReadAction","target":["https:\/\/usoarmatur.com\/hakkimizda\/"]}]},{"@type":"BreadcrumbList","@id":"https:\/\/usoarmatur.com\/hakkimizda\/#breadcrumb","itemListElement":[{"@type":"ListItem","position":1,"name":"Anasayfa","item":"https:\/\/usoarmatur.com\/"},{"@type":"ListItem","position":2,"name":"Hakk\u0131m\u0131zda"}]},{"@type":"WebSite","@id":"https:\/\/usoarmatur.com\/#website","url":"https:\/\/usoarmatur.com\/","name":"\u00dcSO SU ARMAT\u00dcRLER\u0130","description":"","publisher":{"@id":"https:\/\/usoarmatur.com\/#organization"},"potentialAction":[{"@type":"SearchAction","target":{"@type":"EntryPoint","urlTemplate":"https:\/\/usoarmatur.com\/?s={search_term_string}"},"query-input":"required name=search_term_string"}],"inLanguage":"ar"},{"@type":"Organization","@id":"https:\/\/usoarmatur.com\/#organization","name":"\u00dcSO SU ARMAT\u00dcRLER\u0130","url":"https:\/\/usoarmatur.com\/","logo":{"@type":"ImageObject","inLanguage":"ar","@id":"https:\/\/usoarmatur.com\/#\/schema\/logo\/image\/","url":"https:\/\/usoarmatur.com\/wp-content\/uploads\/2022\/08\/logo-uso-koyu.png","contentUrl":"https:\/\/usoarmatur.com\/wp-content\/uploads\/2022\/08\/logo-uso-koyu.png","width":262,"height":170,"caption":"\u00dcSO SU ARMAT\u00dcRLER\u0130"},"image":{"@id":"https:\/\/usoarmatur.com\/#\/schema\/logo\/image\/"}}]}},"_links":{"self":[{"href":"https:\/\/usoarmatur.com\/ar\/wp-json\/wp\/v2\/pages\/31","targetHints":{"allow":["GET"]}}],"collection":[{"href":"https:\/\/usoarmatur.com\/ar\/wp-json\/wp\/v2\/pages"}],"about":[{"href":"https:\/\/usoarmatur.com\/ar\/wp-json\/wp\/v2\/types\/page"}],"author":[{"embeddable":true,"href":"https:\/\/usoarmatur.com\/ar\/wp-json\/wp\/v2\/users\/1"}],"replies":[{"embeddable":true,"href":"https:\/\/usoarmatur.com\/ar\/wp-json\/wp\/v2\/comments?post=31"}],"version-history":[{"count":32,"href":"https:\/\/usoarmatur.com\/ar\/wp-json\/wp\/v2\/pages\/31\/revisions"}],"predecessor-version":[{"id":2744,"href":"https:\/\/usoarmatur.com\/ar\/wp-json\/wp\/v2\/pages\/31\/revisions\/2744"}],"wp:attachment":[{"href":"https:\/\/usoarmatur.com\/ar\/wp-json\/wp\/v2\/media?parent=31"}],"curies":[{"name":"wp","href":"https:\/\/api.w.org\/{rel}","templated":true}]}}