{"id":35,"date":"2021-01-18T07:59:15","date_gmt":"2021-01-18T07:59:15","guid":{"rendered":"https:\/\/ld-wp73.template-help.com\/wordpress\/prod_7581\/v1\/?page_id=35"},"modified":"2022-08-30T08:27:25","modified_gmt":"2022-08-30T08:27:25","slug":"sertifikalar","status":"publish","type":"page","link":"https:\/\/usoarmatur.com\/ar\/sertifikalar\/","title":{"rendered":"\u0627\u0644\u0634\u0647\u0627\u062f\u0627\u062a"},"content":{"rendered":"<div data-elementor-type=\"wp-page\" data-elementor-id=\"35\" class=\"elementor elementor-35\">\n\t\t\t\t\t\t\t\t\t<section class=\"elementor-section elementor-top-section elementor-element elementor-element-e5715b9 elementor-section-boxed elementor-section-height-default elementor-section-height-default\" data-id=\"e5715b9\" data-element_type=\"section\">\n\t\t\t\t\t\t<div class=\"elementor-container elementor-column-gap-default\">\n\t\t\t\t\t<div class=\"elementor-column elementor-col-100 elementor-top-column elementor-element elementor-element-88a03fd\" data-id=\"88a03fd\" data-element_type=\"column\">\n\t\t\t<div class=\"elementor-widget-wrap elementor-element-populated\">\n\t\t\t\t\t\t\t\t<div class=\"elementor-element elementor-element-d42ba71 gallery-spacing-custom elementor-widget elementor-widget-image-gallery\" data-id=\"d42ba71\" data-element_type=\"widget\" data-widget_type=\"image-gallery.default\">\n\t\t\t\t<div class=\"elementor-widget-container\">\n\t\t\t<style>\/*! elementor - v3.15.0 - 20-08-2023 *\/\n.elementor-image-gallery .gallery-item{display:inline-block;text-align:center;vertical-align:top;width:100%;max-width:100%;margin:0 auto}.elementor-image-gallery .gallery-item img{margin:0 auto}.elementor-image-gallery .gallery-item .gallery-caption{margin:0}.elementor-image-gallery figure img{display:block}.elementor-image-gallery figure figcaption{width:100%}.gallery-spacing-custom .elementor-image-gallery .gallery-icon{padding:0}@media (min-width:768px){.elementor-image-gallery .gallery-columns-2 .gallery-item{max-width:50%}.elementor-image-gallery .gallery-columns-3 .gallery-item{max-width:33.33%}.elementor-image-gallery .gallery-columns-4 .gallery-item{max-width:25%}.elementor-image-gallery .gallery-columns-5 .gallery-item{max-width:20%}.elementor-image-gallery .gallery-columns-6 .gallery-item{max-width:16.666%}.elementor-image-gallery .gallery-columns-7 .gallery-item{max-width:14.28%}.elementor-image-gallery .gallery-columns-8 .gallery-item{max-width:12.5%}.elementor-image-gallery .gallery-columns-9 .gallery-item{max-width:11.11%}.elementor-image-gallery .gallery-columns-10 .gallery-item{max-width:10%}}@media (min-width:480px) and (max-width:767px){.elementor-image-gallery .gallery.gallery-columns-2 .gallery-item,.elementor-image-gallery .gallery.gallery-columns-3 .gallery-item,.elementor-image-gallery .gallery.gallery-columns-4 .gallery-item,.elementor-image-gallery .gallery.gallery-columns-5 .gallery-item,.elementor-image-gallery .gallery.gallery-columns-6 .gallery-item,.elementor-image-gallery .gallery.gallery-columns-7 .gallery-item,.elementor-image-gallery .gallery.gallery-columns-8 .gallery-item,.elementor-image-gallery .gallery.gallery-columns-9 .gallery-item,.elementor-image-gallery .gallery.gallery-columns-10 .gallery-item{max-width:50%}}@media (max-width:479px){.elementor-image-gallery .gallery.gallery-columns-2 .gallery-item,.elementor-image-gallery .gallery.gallery-columns-3 .gallery-item,.elementor-image-gallery .gallery.gallery-columns-4 .gallery-item,.elementor-image-gallery .gallery.gallery-columns-5 .gallery-item,.elementor-image-gallery .gallery.gallery-columns-6 .gallery-item,.elementor-image-gallery .gallery.gallery-columns-7 .gallery-item,.elementor-image-gallery .gallery.gallery-columns-8 .gallery-item,.elementor-image-gallery .gallery.gallery-columns-9 .gallery-item,.elementor-image-gallery .gallery.gallery-columns-10 .gallery-item{max-width:100%}}<\/style>\t\t<div class=\"elementor-image-gallery\">\n\t\t\t<div id='gallery-1' class='gallery galleryid-35 gallery-columns-3 gallery-size-large'><figure class='gallery-item'>\n\t\t\t<div class='gallery-icon portrait'>\n\t\t\t\t<a data-elementor-open-lightbox=\"yes\" data-elementor-lightbox-slideshow=\"d42ba71\" data-elementor-lightbox-title=\"B-001\" data-e-action-hash=\"#elementor-action%3Aaction%3Dlightbox%26settings%3DeyJpZCI6OTQ2LCJ1cmwiOiJodHRwczpcL1wvdXNvYXJtYXR1ci5jb21cL3dwLWNvbnRlbnRcL3VwbG9hZHNcLzIwMjJcLzA4XC9CLTAwMS5qcGVnIiwic2xpZGVzaG93IjoiZDQyYmE3MSJ9\" href='https:\/\/usoarmatur.com\/wp-content\/uploads\/2022\/08\/B-001.jpeg'><img decoding=\"async\" width=\"471\" height=\"640\" src=\"https:\/\/usoarmatur.com\/wp-content\/uploads\/2022\/08\/B-001.jpeg\" class=\"attachment-large size-large\" alt=\"\" srcset=\"https:\/\/usoarmatur.com\/wp-content\/uploads\/2022\/08\/B-001.jpeg 471w, https:\/\/usoarmatur.com\/wp-content\/uploads\/2022\/08\/B-001-221x300.jpeg 221w, https:\/\/usoarmatur.com\/wp-content\/uploads\/2022\/08\/B-001-9x12.jpeg 9w\" sizes=\"(max-width: 471px) 100vw, 471px\" \/><\/a>\n\t\t\t<\/div><\/figure><figure class='gallery-item'>\n\t\t\t<div class='gallery-icon portrait'>\n\t\t\t\t<a data-elementor-open-lightbox=\"yes\" data-elementor-lightbox-slideshow=\"d42ba71\" data-elementor-lightbox-title=\"B-004\" data-e-action-hash=\"#elementor-action%3Aaction%3Dlightbox%26settings%3DeyJpZCI6OTQ3LCJ1cmwiOiJodHRwczpcL1wvdXNvYXJtYXR1ci5jb21cL3dwLWNvbnRlbnRcL3VwbG9hZHNcLzIwMjJcLzA4XC9CLTAwNC5qcGVnIiwic2xpZGVzaG93IjoiZDQyYmE3MSJ9\" href='https:\/\/usoarmatur.com\/wp-content\/uploads\/2022\/08\/B-004.jpeg'><img decoding=\"async\" width=\"471\" height=\"640\" src=\"https:\/\/usoarmatur.com\/wp-content\/uploads\/2022\/08\/B-004.jpeg\" class=\"attachment-large size-large\" alt=\"\" srcset=\"https:\/\/usoarmatur.com\/wp-content\/uploads\/2022\/08\/B-004.jpeg 471w, https:\/\/usoarmatur.com\/wp-content\/uploads\/2022\/08\/B-004-221x300.jpeg 221w, https:\/\/usoarmatur.com\/wp-content\/uploads\/2022\/08\/B-004-9x12.jpeg 9w\" sizes=\"(max-width: 471px) 100vw, 471px\" \/><\/a>\n\t\t\t<\/div><\/figure><figure class='gallery-item'>\n\t\t\t<div class='gallery-icon portrait'>\n\t\t\t\t<a data-elementor-open-lightbox=\"yes\" data-elementor-lightbox-slideshow=\"d42ba71\" data-elementor-lightbox-title=\"B-005\" data-e-action-hash=\"#elementor-action%3Aaction%3Dlightbox%26settings%3DeyJpZCI6OTQ4LCJ1cmwiOiJodHRwczpcL1wvdXNvYXJtYXR1ci5jb21cL3dwLWNvbnRlbnRcL3VwbG9hZHNcLzIwMjJcLzA4XC9CLTAwNS5qcGVnIiwic2xpZGVzaG93IjoiZDQyYmE3MSJ9\" href='https:\/\/usoarmatur.com\/wp-content\/uploads\/2022\/08\/B-005.jpeg'><img decoding=\"async\" width=\"471\" height=\"640\" src=\"https:\/\/usoarmatur.com\/wp-content\/uploads\/2022\/08\/B-005.jpeg\" class=\"attachment-large size-large\" alt=\"\" srcset=\"https:\/\/usoarmatur.com\/wp-content\/uploads\/2022\/08\/B-005.jpeg 471w, https:\/\/usoarmatur.com\/wp-content\/uploads\/2022\/08\/B-005-221x300.jpeg 221w, https:\/\/usoarmatur.com\/wp-content\/uploads\/2022\/08\/B-005-9x12.jpeg 9w\" sizes=\"(max-width: 471px) 100vw, 471px\" \/><\/a>\n\t\t\t<\/div><\/figure><figure class='gallery-item'>\n\t\t\t<div class='gallery-icon portrait'>\n\t\t\t\t<a data-elementor-open-lightbox=\"yes\" data-elementor-lightbox-slideshow=\"d42ba71\" data-elementor-lightbox-title=\"B-002\" data-e-action-hash=\"#elementor-action%3Aaction%3Dlightbox%26settings%3DeyJpZCI6OTQ5LCJ1cmwiOiJodHRwczpcL1wvdXNvYXJtYXR1ci5jb21cL3dwLWNvbnRlbnRcL3VwbG9hZHNcLzIwMjJcLzA4XC9CLTAwMi5qcGVnIiwic2xpZGVzaG93IjoiZDQyYmE3MSJ9\" href='https:\/\/usoarmatur.com\/wp-content\/uploads\/2022\/08\/B-002.jpeg'><img decoding=\"async\" width=\"471\" height=\"640\" src=\"https:\/\/usoarmatur.com\/wp-content\/uploads\/2022\/08\/B-002.jpeg\" class=\"attachment-large size-large\" alt=\"\" srcset=\"https:\/\/usoarmatur.com\/wp-content\/uploads\/2022\/08\/B-002.jpeg 471w, https:\/\/usoarmatur.com\/wp-content\/uploads\/2022\/08\/B-002-221x300.jpeg 221w, https:\/\/usoarmatur.com\/wp-content\/uploads\/2022\/08\/B-002-9x12.jpeg 9w\" sizes=\"(max-width: 471px) 100vw, 471px\" \/><\/a>\n\t\t\t<\/div><\/figure><figure class='gallery-item'>\n\t\t\t<div class='gallery-icon portrait'>\n\t\t\t\t<a data-elementor-open-lightbox=\"yes\" data-elementor-lightbox-slideshow=\"d42ba71\" data-elementor-lightbox-title=\"B-006\" data-e-action-hash=\"#elementor-action%3Aaction%3Dlightbox%26settings%3DeyJpZCI6OTUwLCJ1cmwiOiJodHRwczpcL1wvdXNvYXJtYXR1ci5jb21cL3dwLWNvbnRlbnRcL3VwbG9hZHNcLzIwMjJcLzA4XC9CLTAwNi5qcGVnIiwic2xpZGVzaG93IjoiZDQyYmE3MSJ9\" href='https:\/\/usoarmatur.com\/wp-content\/uploads\/2022\/08\/B-006.jpeg'><img decoding=\"async\" width=\"471\" height=\"640\" src=\"https:\/\/usoarmatur.com\/wp-content\/uploads\/2022\/08\/B-006.jpeg\" class=\"attachment-large size-large\" alt=\"\" srcset=\"https:\/\/usoarmatur.com\/wp-content\/uploads\/2022\/08\/B-006.jpeg 471w, https:\/\/usoarmatur.com\/wp-content\/uploads\/2022\/08\/B-006-221x300.jpeg 221w, https:\/\/usoarmatur.com\/wp-content\/uploads\/2022\/08\/B-006-9x12.jpeg 9w\" sizes=\"(max-width: 471px) 100vw, 471px\" \/><\/a>\n\t\t\t<\/div><\/figure><figure class='gallery-item'>\n\t\t\t<div class='gallery-icon portrait'>\n\t\t\t\t<a data-elementor-open-lightbox=\"yes\" data-elementor-lightbox-slideshow=\"d42ba71\" data-elementor-lightbox-title=\"B-003\" data-e-action-hash=\"#elementor-action%3Aaction%3Dlightbox%26settings%3DeyJpZCI6OTUxLCJ1cmwiOiJodHRwczpcL1wvdXNvYXJtYXR1ci5jb21cL3dwLWNvbnRlbnRcL3VwbG9hZHNcLzIwMjJcLzA4XC9CLTAwMy5qcGVnIiwic2xpZGVzaG93IjoiZDQyYmE3MSJ9\" href='https:\/\/usoarmatur.com\/wp-content\/uploads\/2022\/08\/B-003.jpeg'><img decoding=\"async\" width=\"471\" height=\"640\" src=\"https:\/\/usoarmatur.com\/wp-content\/uploads\/2022\/08\/B-003.jpeg\" class=\"attachment-large size-large\" alt=\"\" srcset=\"https:\/\/usoarmatur.com\/wp-content\/uploads\/2022\/08\/B-003.jpeg 471w, https:\/\/usoarmatur.com\/wp-content\/uploads\/2022\/08\/B-003-221x300.jpeg 221w, https:\/\/usoarmatur.com\/wp-content\/uploads\/2022\/08\/B-003-9x12.jpeg 9w\" sizes=\"(max-width: 471px) 100vw, 471px\" \/><\/a>\n\t\t\t<\/div><\/figure><figure class='gallery-item'>\n\t\t\t<div class='gallery-icon portrait'>\n\t\t\t\t<a data-elementor-open-lightbox=\"yes\" data-elementor-lightbox-slideshow=\"d42ba71\" data-elementor-lightbox-title=\"B-007\" data-e-action-hash=\"#elementor-action%3Aaction%3Dlightbox%26settings%3DeyJpZCI6OTUyLCJ1cmwiOiJodHRwczpcL1wvdXNvYXJtYXR1ci5jb21cL3dwLWNvbnRlbnRcL3VwbG9hZHNcLzIwMjJcLzA4XC9CLTAwNy5qcGVnIiwic2xpZGVzaG93IjoiZDQyYmE3MSJ9\" href='https:\/\/usoarmatur.com\/wp-content\/uploads\/2022\/08\/B-007.jpeg'><img decoding=\"async\" width=\"471\" height=\"640\" src=\"https:\/\/usoarmatur.com\/wp-content\/uploads\/2022\/08\/B-007.jpeg\" class=\"attachment-large size-large\" alt=\"\" srcset=\"https:\/\/usoarmatur.com\/wp-content\/uploads\/2022\/08\/B-007.jpeg 471w, https:\/\/usoarmatur.com\/wp-content\/uploads\/2022\/08\/B-007-221x300.jpeg 221w, https:\/\/usoarmatur.com\/wp-content\/uploads\/2022\/08\/B-007-9x12.jpeg 9w\" sizes=\"(max-width: 471px) 100vw, 471px\" \/><\/a>\n\t\t\t<\/div><\/figure><figure class='gallery-item'>\n\t\t\t<div class='gallery-icon portrait'>\n\t\t\t\t<a data-elementor-open-lightbox=\"yes\" data-elementor-lightbox-slideshow=\"d42ba71\" data-elementor-lightbox-title=\"B-008\" data-e-action-hash=\"#elementor-action%3Aaction%3Dlightbox%26settings%3DeyJpZCI6OTUzLCJ1cmwiOiJodHRwczpcL1wvdXNvYXJtYXR1ci5jb21cL3dwLWNvbnRlbnRcL3VwbG9hZHNcLzIwMjJcLzA4XC9CLTAwOC5qcGVnIiwic2xpZGVzaG93IjoiZDQyYmE3MSJ9\" href='https:\/\/usoarmatur.com\/wp-content\/uploads\/2022\/08\/B-008.jpeg'><img decoding=\"async\" width=\"471\" height=\"640\" src=\"https:\/\/usoarmatur.com\/wp-content\/uploads\/2022\/08\/B-008.jpeg\" class=\"attachment-large size-large\" alt=\"\" srcset=\"https:\/\/usoarmatur.com\/wp-content\/uploads\/2022\/08\/B-008.jpeg 471w, https:\/\/usoarmatur.com\/wp-content\/uploads\/2022\/08\/B-008-221x300.jpeg 221w, https:\/\/usoarmatur.com\/wp-content\/uploads\/2022\/08\/B-008-9x12.jpeg 9w\" sizes=\"(max-width: 471px) 100vw, 471px\" \/><\/a>\n\t\t\t<\/div><\/figure><figure class='gallery-item'>\n\t\t\t<div class='gallery-icon portrait'>\n\t\t\t\t<a data-elementor-open-lightbox=\"yes\" data-elementor-lightbox-slideshow=\"d42ba71\" data-elementor-lightbox-title=\"B-019\" data-e-action-hash=\"#elementor-action%3Aaction%3Dlightbox%26settings%3DeyJpZCI6OTU0LCJ1cmwiOiJodHRwczpcL1wvdXNvYXJtYXR1ci5jb21cL3dwLWNvbnRlbnRcL3VwbG9hZHNcLzIwMjJcLzA4XC9CLTAxOS5qcGVnIiwic2xpZGVzaG93IjoiZDQyYmE3MSJ9\" href='https:\/\/usoarmatur.com\/wp-content\/uploads\/2022\/08\/B-019.jpeg'><img decoding=\"async\" width=\"471\" height=\"640\" src=\"https:\/\/usoarmatur.com\/wp-content\/uploads\/2022\/08\/B-019.jpeg\" class=\"attachment-large size-large\" alt=\"\" srcset=\"https:\/\/usoarmatur.com\/wp-content\/uploads\/2022\/08\/B-019.jpeg 471w, https:\/\/usoarmatur.com\/wp-content\/uploads\/2022\/08\/B-019-221x300.jpeg 221w, https:\/\/usoarmatur.com\/wp-content\/uploads\/2022\/08\/B-019-9x12.jpeg 9w\" sizes=\"(max-width: 471px) 100vw, 471px\" \/><\/a>\n\t\t\t<\/div><\/figure><figure class='gallery-item'>\n\t\t\t<div class='gallery-icon portrait'>\n\t\t\t\t<a data-elementor-open-lightbox=\"yes\" data-elementor-lightbox-slideshow=\"d42ba71\" data-elementor-lightbox-title=\"B-011\" data-e-action-hash=\"#elementor-action%3Aaction%3Dlightbox%26settings%3DeyJpZCI6OTU1LCJ1cmwiOiJodHRwczpcL1wvdXNvYXJtYXR1ci5jb21cL3dwLWNvbnRlbnRcL3VwbG9hZHNcLzIwMjJcLzA4XC9CLTAxMS5qcGVnIiwic2xpZGVzaG93IjoiZDQyYmE3MSJ9\" href='https:\/\/usoarmatur.com\/wp-content\/uploads\/2022\/08\/B-011.jpeg'><img decoding=\"async\" width=\"471\" height=\"640\" src=\"https:\/\/usoarmatur.com\/wp-content\/uploads\/2022\/08\/B-011.jpeg\" class=\"attachment-large size-large\" alt=\"\" srcset=\"https:\/\/usoarmatur.com\/wp-content\/uploads\/2022\/08\/B-011.jpeg 471w, https:\/\/usoarmatur.com\/wp-content\/uploads\/2022\/08\/B-011-221x300.jpeg 221w, https:\/\/usoarmatur.com\/wp-content\/uploads\/2022\/08\/B-011-9x12.jpeg 9w\" sizes=\"(max-width: 471px) 100vw, 471px\" \/><\/a>\n\t\t\t<\/div><\/figure><figure class='gallery-item'>\n\t\t\t<div class='gallery-icon portrait'>\n\t\t\t\t<a data-elementor-open-lightbox=\"yes\" data-elementor-lightbox-slideshow=\"d42ba71\" data-elementor-lightbox-title=\"B-010\" data-e-action-hash=\"#elementor-action%3Aaction%3Dlightbox%26settings%3DeyJpZCI6OTU2LCJ1cmwiOiJodHRwczpcL1wvdXNvYXJtYXR1ci5jb21cL3dwLWNvbnRlbnRcL3VwbG9hZHNcLzIwMjJcLzA4XC9CLTAxMC5qcGVnIiwic2xpZGVzaG93IjoiZDQyYmE3MSJ9\" href='https:\/\/usoarmatur.com\/wp-content\/uploads\/2022\/08\/B-010.jpeg'><img decoding=\"async\" width=\"471\" height=\"640\" src=\"https:\/\/usoarmatur.com\/wp-content\/uploads\/2022\/08\/B-010.jpeg\" class=\"attachment-large size-large\" alt=\"\" srcset=\"https:\/\/usoarmatur.com\/wp-content\/uploads\/2022\/08\/B-010.jpeg 471w, https:\/\/usoarmatur.com\/wp-content\/uploads\/2022\/08\/B-010-221x300.jpeg 221w, https:\/\/usoarmatur.com\/wp-content\/uploads\/2022\/08\/B-010-9x12.jpeg 9w\" sizes=\"(max-width: 471px) 100vw, 471px\" \/><\/a>\n\t\t\t<\/div><\/figure>\n\t\t<\/div>\n\t\t<\/div>\n\t\t\t\t<\/div>\n\t\t\t\t<\/div>\n\t\t\t\t\t<\/div>\n\t\t<\/div>\n\t\t\t\t\t\t\t<\/div>\n\t\t<\/section>\n\t\t\t\t\t\t\t<\/div>","protected":false},"excerpt":{"rendered":"","protected":false},"author":1,"featured_media":0,"parent":0,"menu_order":0,"comment_status":"closed","ping_status":"closed","template":"elementor_header_footer","meta":{"footnotes":""},"class_list":["post-35","page","type-page","status-publish","hentry"],"yoast_head":"<!-- This site is optimized with the Yoast SEO plugin v21.0 - https:\/\/yoast.com\/wordpress\/plugins\/seo\/ -->\n<title>Sertifikalar - \u00dcSO SU ARMAT\u00dcRLER\u0130<\/title>\n<meta name=\"description\" content=\"\u00dcSO SU ARMAT\u00dcRLER\u0130 kuruldu\u011fu g\u00fcnden itibaren sahip oldu\u011fu uzman kadrosu ve son teknoloji ekipmanlar\u0131 ile batarya, , musluk ve du\u015f setleri \u00fcretimleri yapmaktad\u0131r.\" \/>\n<meta name=\"robots\" content=\"index, follow, max-snippet:-1, max-image-preview:large, max-video-preview:-1\" \/>\n<link rel=\"canonical\" href=\"https:\/\/usoarmatur.com\/ar\/sertifikalar\/\" \/>\n<meta property=\"og:locale\" content=\"ar_AR\" \/>\n<meta property=\"og:type\" content=\"article\" \/>\n<meta property=\"og:title\" content=\"Sertifikalar - \u00dcSO SU ARMAT\u00dcRLER\u0130\" \/>\n<meta property=\"og:description\" content=\"\u00dcSO SU ARMAT\u00dcRLER\u0130 kuruldu\u011fu g\u00fcnden itibaren sahip oldu\u011fu uzman kadrosu ve son teknoloji ekipmanlar\u0131 ile batarya, , musluk ve du\u015f setleri \u00fcretimleri yapmaktad\u0131r.\" \/>\n<meta property=\"og:url\" content=\"https:\/\/usoarmatur.com\/ar\/sertifikalar\/\" \/>\n<meta property=\"og:site_name\" content=\"\u00dcSO SU ARMAT\u00dcRLER\u0130\" \/>\n<meta property=\"article:modified_time\" content=\"2022-08-30T08:27:25+00:00\" \/>\n<meta property=\"og:image\" content=\"https:\/\/usoarmatur.com\/wp-content\/uploads\/2022\/08\/B-001.jpeg\" \/>\n<meta name=\"twitter:card\" content=\"summary_large_image\" \/>\n<script type=\"application\/ld+json\" class=\"yoast-schema-graph\">{\"@context\":\"https:\/\/schema.org\",\"@graph\":[{\"@type\":\"WebPage\",\"@id\":\"https:\/\/usoarmatur.com\/sertifikalar\/\",\"url\":\"https:\/\/usoarmatur.com\/sertifikalar\/\",\"name\":\"Sertifikalar - \u00dcSO SU ARMAT\u00dcRLER\u0130\",\"isPartOf\":{\"@id\":\"https:\/\/usoarmatur.com\/#website\"},\"datePublished\":\"2021-01-18T07:59:15+00:00\",\"dateModified\":\"2022-08-30T08:27:25+00:00\",\"description\":\"\u00dcSO SU ARMAT\u00dcRLER\u0130 kuruldu\u011fu g\u00fcnden itibaren sahip oldu\u011fu uzman kadrosu ve son teknoloji ekipmanlar\u0131 ile batarya, , musluk ve du\u015f setleri \u00fcretimleri yapmaktad\u0131r.\",\"breadcrumb\":{\"@id\":\"https:\/\/usoarmatur.com\/sertifikalar\/#breadcrumb\"},\"inLanguage\":\"ar\",\"potentialAction\":[{\"@type\":\"ReadAction\",\"target\":[\"https:\/\/usoarmatur.com\/sertifikalar\/\"]}]},{\"@type\":\"BreadcrumbList\",\"@id\":\"https:\/\/usoarmatur.com\/sertifikalar\/#breadcrumb\",\"itemListElement\":[{\"@type\":\"ListItem\",\"position\":1,\"name\":\"Anasayfa\",\"item\":\"https:\/\/usoarmatur.com\/\"},{\"@type\":\"ListItem\",\"position\":2,\"name\":\"Sertifikalar\"}]},{\"@type\":\"WebSite\",\"@id\":\"https:\/\/usoarmatur.com\/#website\",\"url\":\"https:\/\/usoarmatur.com\/\",\"name\":\"\u00dcSO SU ARMAT\u00dcRLER\u0130\",\"description\":\"\",\"publisher\":{\"@id\":\"https:\/\/usoarmatur.com\/#organization\"},\"potentialAction\":[{\"@type\":\"SearchAction\",\"target\":{\"@type\":\"EntryPoint\",\"urlTemplate\":\"https:\/\/usoarmatur.com\/?s={search_term_string}\"},\"query-input\":\"required name=search_term_string\"}],\"inLanguage\":\"ar\"},{\"@type\":\"Organization\",\"@id\":\"https:\/\/usoarmatur.com\/#organization\",\"name\":\"\u00dcSO SU ARMAT\u00dcRLER\u0130\",\"url\":\"https:\/\/usoarmatur.com\/\",\"logo\":{\"@type\":\"ImageObject\",\"inLanguage\":\"ar\",\"@id\":\"https:\/\/usoarmatur.com\/#\/schema\/logo\/image\/\",\"url\":\"https:\/\/usoarmatur.com\/wp-content\/uploads\/2022\/08\/logo-uso-koyu.png\",\"contentUrl\":\"https:\/\/usoarmatur.com\/wp-content\/uploads\/2022\/08\/logo-uso-koyu.png\",\"width\":262,\"height\":170,\"caption\":\"\u00dcSO SU ARMAT\u00dcRLER\u0130\"},\"image\":{\"@id\":\"https:\/\/usoarmatur.com\/#\/schema\/logo\/image\/\"}}]}<\/script>\n<!-- \/ Yoast SEO plugin. -->","yoast_head_json":{"title":"Sertifikalar - \u00dcSO SU ARMAT\u00dcRLER\u0130","description":"\u00dcSO SU ARMAT\u00dcRLER\u0130 kuruldu\u011fu g\u00fcnden itibaren sahip oldu\u011fu uzman kadrosu ve son teknoloji ekipmanlar\u0131 ile batarya, , musluk ve du\u015f setleri \u00fcretimleri yapmaktad\u0131r.","robots":{"index":"index","follow":"follow","max-snippet":"max-snippet:-1","max-image-preview":"max-image-preview:large","max-video-preview":"max-video-preview:-1"},"canonical":"https:\/\/usoarmatur.com\/ar\/sertifikalar\/","og_locale":"ar_AR","og_type":"article","og_title":"Sertifikalar - \u00dcSO SU ARMAT\u00dcRLER\u0130","og_description":"\u00dcSO SU ARMAT\u00dcRLER\u0130 kuruldu\u011fu g\u00fcnden itibaren sahip oldu\u011fu uzman kadrosu ve son teknoloji ekipmanlar\u0131 ile batarya, , musluk ve du\u015f setleri \u00fcretimleri yapmaktad\u0131r.","og_url":"https:\/\/usoarmatur.com\/ar\/sertifikalar\/","og_site_name":"\u00dcSO SU ARMAT\u00dcRLER\u0130","article_modified_time":"2022-08-30T08:27:25+00:00","og_image":[{"url":"https:\/\/usoarmatur.com\/wp-content\/uploads\/2022\/08\/B-001.jpeg"}],"twitter_card":"summary_large_image","schema":{"@context":"https:\/\/schema.org","@graph":[{"@type":"WebPage","@id":"https:\/\/usoarmatur.com\/sertifikalar\/","url":"https:\/\/usoarmatur.com\/sertifikalar\/","name":"Sertifikalar - \u00dcSO SU ARMAT\u00dcRLER\u0130","isPartOf":{"@id":"https:\/\/usoarmatur.com\/#website"},"datePublished":"2021-01-18T07:59:15+00:00","dateModified":"2022-08-30T08:27:25+00:00","description":"\u00dcSO SU ARMAT\u00dcRLER\u0130 kuruldu\u011fu g\u00fcnden itibaren sahip oldu\u011fu uzman kadrosu ve son teknoloji ekipmanlar\u0131 ile batarya, , musluk ve du\u015f setleri \u00fcretimleri yapmaktad\u0131r.","breadcrumb":{"@id":"https:\/\/usoarmatur.com\/sertifikalar\/#breadcrumb"},"inLanguage":"ar","potentialAction":[{"@type":"ReadAction","target":["https:\/\/usoarmatur.com\/sertifikalar\/"]}]},{"@type":"BreadcrumbList","@id":"https:\/\/usoarmatur.com\/sertifikalar\/#breadcrumb","itemListElement":[{"@type":"ListItem","position":1,"name":"Anasayfa","item":"https:\/\/usoarmatur.com\/"},{"@type":"ListItem","position":2,"name":"Sertifikalar"}]},{"@type":"WebSite","@id":"https:\/\/usoarmatur.com\/#website","url":"https:\/\/usoarmatur.com\/","name":"\u00dcSO SU ARMAT\u00dcRLER\u0130","description":"","publisher":{"@id":"https:\/\/usoarmatur.com\/#organization"},"potentialAction":[{"@type":"SearchAction","target":{"@type":"EntryPoint","urlTemplate":"https:\/\/usoarmatur.com\/?s={search_term_string}"},"query-input":"required name=search_term_string"}],"inLanguage":"ar"},{"@type":"Organization","@id":"https:\/\/usoarmatur.com\/#organization","name":"\u00dcSO SU ARMAT\u00dcRLER\u0130","url":"https:\/\/usoarmatur.com\/","logo":{"@type":"ImageObject","inLanguage":"ar","@id":"https:\/\/usoarmatur.com\/#\/schema\/logo\/image\/","url":"https:\/\/usoarmatur.com\/wp-content\/uploads\/2022\/08\/logo-uso-koyu.png","contentUrl":"https:\/\/usoarmatur.com\/wp-content\/uploads\/2022\/08\/logo-uso-koyu.png","width":262,"height":170,"caption":"\u00dcSO SU ARMAT\u00dcRLER\u0130"},"image":{"@id":"https:\/\/usoarmatur.com\/#\/schema\/logo\/image\/"}}]}},"_links":{"self":[{"href":"https:\/\/usoarmatur.com\/ar\/wp-json\/wp\/v2\/pages\/35","targetHints":{"allow":["GET"]}}],"collection":[{"href":"https:\/\/usoarmatur.com\/ar\/wp-json\/wp\/v2\/pages"}],"about":[{"href":"https:\/\/usoarmatur.com\/ar\/wp-json\/wp\/v2\/types\/page"}],"author":[{"embeddable":true,"href":"https:\/\/usoarmatur.com\/ar\/wp-json\/wp\/v2\/users\/1"}],"replies":[{"embeddable":true,"href":"https:\/\/usoarmatur.com\/ar\/wp-json\/wp\/v2\/comments?post=35"}],"version-history":[{"count":11,"href":"https:\/\/usoarmatur.com\/ar\/wp-json\/wp\/v2\/pages\/35\/revisions"}],"predecessor-version":[{"id":1750,"href":"https:\/\/usoarmatur.com\/ar\/wp-json\/wp\/v2\/pages\/35\/revisions\/1750"}],"wp:attachment":[{"href":"https:\/\/usoarmatur.com\/ar\/wp-json\/wp\/v2\/media?parent=35"}],"curies":[{"name":"wp","href":"https:\/\/api.w.org\/{rel}","templated":true}]}}