{"id":39,"date":"2021-01-18T07:59:44","date_gmt":"2021-01-18T07:59:44","guid":{"rendered":"https:\/\/ld-wp73.template-help.com\/wordpress\/prod_7581\/v1\/?page_id=39"},"modified":"2023-09-02T11:43:03","modified_gmt":"2023-09-02T11:43:03","slug":"iletisim","status":"publish","type":"page","link":"https:\/\/usoarmatur.com\/ar\/iletisim\/","title":{"rendered":"\u0627\u0644\u0627\u062a\u0635\u0627\u0644\u0627\u062a"},"content":{"rendered":"<div data-elementor-type=\"wp-page\" data-elementor-id=\"39\" class=\"elementor elementor-39\">\n\t\t\t\t\t\t\t\t\t<section class=\"elementor-section elementor-top-section elementor-element elementor-element-e120310 elementor-section-height-min-height elementor-section-boxed elementor-section-height-default elementor-section-items-middle\" data-id=\"e120310\" data-element_type=\"section\" data-settings=\"{&quot;background_background&quot;:&quot;classic&quot;}\">\n\t\t\t\t\t\t<div class=\"elementor-container elementor-column-gap-default\">\n\t\t\t\t\t<div class=\"elementor-column elementor-col-100 elementor-top-column elementor-element elementor-element-075fb40\" data-id=\"075fb40\" data-element_type=\"column\">\n\t\t\t<div class=\"elementor-widget-wrap elementor-element-populated\">\n\t\t\t\t\t\t\t\t<div class=\"elementor-element elementor-element-4f84555 elementor-widget elementor-widget-heading\" data-id=\"4f84555\" data-element_type=\"widget\" data-widget_type=\"heading.default\">\n\t\t\t\t<div class=\"elementor-widget-container\">\n\t\t\t<style>\/*! elementor - v3.15.0 - 20-08-2023 *\/\n.elementor-heading-title{padding:0;margin:0;line-height:1}.elementor-widget-heading .elementor-heading-title[class*=elementor-size-]>a{color:inherit;font-size:inherit;line-height:inherit}.elementor-widget-heading .elementor-heading-title.elementor-size-small{font-size:15px}.elementor-widget-heading .elementor-heading-title.elementor-size-medium{font-size:19px}.elementor-widget-heading .elementor-heading-title.elementor-size-large{font-size:29px}.elementor-widget-heading .elementor-heading-title.elementor-size-xl{font-size:39px}.elementor-widget-heading .elementor-heading-title.elementor-size-xxl{font-size:59px}<\/style><h1 class=\"elementor-heading-title elementor-size-default\">\u0645\u0639\u0644\u0648\u0645\u0627\u062a \u0627\u0644\u062a\u0648\u0627\u0635\u0644<\/h1>\t\t<\/div>\n\t\t\t\t<\/div>\n\t\t\t\t\t<\/div>\n\t\t<\/div>\n\t\t\t\t\t\t\t<\/div>\n\t\t<\/section>\n\t\t\t\t<section class=\"elementor-section elementor-top-section elementor-element elementor-element-7e60cb5 elementor-section-full_width elementor-section-height-default elementor-section-height-default\" data-id=\"7e60cb5\" data-element_type=\"section\">\n\t\t\t\t\t\t<div class=\"elementor-container elementor-column-gap-default\">\n\t\t\t\t\t<div class=\"elementor-column elementor-col-50 elementor-top-column elementor-element elementor-element-9c1b763\" data-id=\"9c1b763\" data-element_type=\"column\">\n\t\t\t<div class=\"elementor-widget-wrap elementor-element-populated\">\n\t\t\t\t\t\t\t\t<div class=\"elementor-element elementor-element-795acf3 elementor-widget elementor-widget-google_maps\" data-id=\"795acf3\" data-element_type=\"widget\" data-widget_type=\"google_maps.default\">\n\t\t\t\t<div class=\"elementor-widget-container\">\n\t\t\t<style>\/*! elementor - v3.15.0 - 20-08-2023 *\/\n.elementor-widget-google_maps .elementor-widget-container{overflow:hidden}.elementor-widget-google_maps .elementor-custom-embed{line-height:0}.elementor-widget-google_maps iframe{height:300px}<\/style>\t\t<div class=\"elementor-custom-embed\">\n\t\t\t<iframe loading=\"lazy\"\n\t\t\t\t\tsrc=\"https:\/\/maps.google.com\/maps?q=Kavakl%C4%B1%20Mah.%20Kavakl%C4%B1%20Cad.%20No%3A25%20Yakuplu-Beylikd%C3%BCz%C3%BC&#038;t=m&#038;z=13&#038;output=embed&#038;iwloc=near\"\n\t\t\t\t\ttitle=\"Kavakl\u0131 Mah. Kavakl\u0131 Cad. No:25 Yakuplu-Beylikd\u00fcz\u00fc\"\n\t\t\t\t\taria-label=\"Kavakl\u0131 Mah. Kavakl\u0131 Cad. No:25 Yakuplu-Beylikd\u00fcz\u00fc\"\n\t\t\t><\/iframe>\n\t\t<\/div>\n\t\t\t\t<\/div>\n\t\t\t\t<\/div>\n\t\t\t\t\t<\/div>\n\t\t<\/div>\n\t\t\t\t<div class=\"elementor-column elementor-col-50 elementor-top-column elementor-element elementor-element-ac10bc9\" data-id=\"ac10bc9\" data-element_type=\"column\" data-settings=\"{&quot;background_background&quot;:&quot;classic&quot;}\">\n\t\t\t<div class=\"elementor-widget-wrap elementor-element-populated\">\n\t\t\t\t\t\t\t\t<div class=\"elementor-element elementor-element-e0a1b06 elementor-widget elementor-widget-heading\" data-id=\"e0a1b06\" data-element_type=\"widget\" data-widget_type=\"heading.default\">\n\t\t\t\t<div class=\"elementor-widget-container\">\n\t\t\t<h2 class=\"elementor-heading-title elementor-size-default\">\u0645\u0648\u0642\u0639\u0646\u0627<\/h2>\t\t<\/div>\n\t\t\t\t<\/div>\n\t\t\t\t<div class=\"elementor-element elementor-element-9809b7d elementor-icon-list--layout-inline elementor-align-left elementor-list-item-link-full_width elementor-widget elementor-widget-icon-list\" data-id=\"9809b7d\" data-element_type=\"widget\" data-widget_type=\"icon-list.default\">\n\t\t\t\t<div class=\"elementor-widget-container\">\n\t\t\t<link rel=\"stylesheet\" href=\"https:\/\/usoarmatur.com\/wp-content\/plugins\/elementor\/assets\/css\/widget-icon-list.min.css\">\t\t<ul class=\"elementor-icon-list-items elementor-inline-items\">\n\t\t\t\t\t\t\t<li class=\"elementor-icon-list-item elementor-inline-item\">\n\t\t\t\t\t\t\t\t\t\t\t<span class=\"elementor-icon-list-icon\">\n\t\t\t\t\t\t\t<i aria-hidden=\"true\" class=\"fas fa-map-marker-alt\"><\/i>\t\t\t\t\t\t<\/span>\n\t\t\t\t\t\t\t\t\t\t<span class=\"elementor-icon-list-text\">Kavakl\u0131 Mah. Kavakl\u0131 Cad. No:25 Yakuplu-Beylikd\u00fcz\u00fc<\/span>\n\t\t\t\t\t\t\t\t\t<\/li>\n\t\t\t\t\t\t<\/ul>\n\t\t\t\t<\/div>\n\t\t\t\t<\/div>\n\t\t\t\t<div class=\"elementor-element elementor-element-d36318a elementor-widget__width-inherit elementor-widget elementor-widget-button\" data-id=\"d36318a\" data-element_type=\"widget\" data-widget_type=\"button.default\">\n\t\t\t\t<div class=\"elementor-widget-container\">\n\t\t\t\t\t<div class=\"elementor-button-wrapper\">\n\t\t\t<a class=\"elementor-button elementor-button-link elementor-size-sm\" href=\"mailto:info@usoarmatur.com\" id=\"header_but\">\n\t\t\t\t\t\t<span class=\"elementor-button-content-wrapper\">\n\t\t\t\t\t\t<span class=\"elementor-button-icon elementor-align-icon-left\">\n\t\t\t\t<i aria-hidden=\"true\" class=\"far fa-envelope\"><\/i>\t\t\t<\/span>\n\t\t\t\t\t\t<span class=\"elementor-button-text\">info@usoarmatur.com<\/span>\n\t\t<\/span>\n\t\t\t\t\t<\/a>\n\t\t<\/div>\n\t\t\t\t<\/div>\n\t\t\t\t<\/div>\n\t\t\t\t<div class=\"elementor-element elementor-element-5704b21 elementor-widget__width-inherit elementor-widget elementor-widget-button\" data-id=\"5704b21\" data-element_type=\"widget\" data-widget_type=\"button.default\">\n\t\t\t\t<div class=\"elementor-widget-container\">\n\t\t\t\t\t<div class=\"elementor-button-wrapper\">\n\t\t\t<a class=\"elementor-button elementor-button-link elementor-size-sm\" href=\"tel:(0212) 876 22 60\" id=\"header_but\">\n\t\t\t\t\t\t<span class=\"elementor-button-content-wrapper\">\n\t\t\t\t\t\t<span class=\"elementor-button-icon elementor-align-icon-left\">\n\t\t\t\t<i aria-hidden=\"true\" class=\"fas fa-phone-alt\"><\/i>\t\t\t<\/span>\n\t\t\t\t\t\t<span class=\"elementor-button-text\">(0212) 876 22 60<\/span>\n\t\t<\/span>\n\t\t\t\t\t<\/a>\n\t\t<\/div>\n\t\t\t\t<\/div>\n\t\t\t\t<\/div>\n\t\t\t\t<div class=\"elementor-element elementor-element-8f6ff0f elementor-widget__width-inherit elementor-widget elementor-widget-button\" data-id=\"8f6ff0f\" data-element_type=\"widget\" data-widget_type=\"button.default\">\n\t\t\t\t<div class=\"elementor-widget-container\">\n\t\t\t\t\t<div class=\"elementor-button-wrapper\">\n\t\t\t<a class=\"elementor-button elementor-size-sm\" role=\"button\" id=\"header_but\">\n\t\t\t\t\t\t<span class=\"elementor-button-content-wrapper\">\n\t\t\t\t\t\t<span class=\"elementor-button-icon elementor-align-icon-left\">\n\t\t\t\t<i aria-hidden=\"true\" class=\"fas fa-phone-alt\"><\/i>\t\t\t<\/span>\n\t\t\t\t\t\t<span class=\"elementor-button-text\">Hafta \u0130\u00e7i 08:30 - 19:00 <\/span>\n\t\t<\/span>\n\t\t\t\t\t<\/a>\n\t\t<\/div>\n\t\t\t\t<\/div>\n\t\t\t\t<\/div>\n\t\t\t\t\t<\/div>\n\t\t<\/div>\n\t\t\t\t\t\t\t<\/div>\n\t\t<\/section>\n\t\t\t\t<section class=\"elementor-section elementor-top-section elementor-element elementor-element-baa41fb elementor-section-boxed elementor-section-height-default elementor-section-height-default\" data-id=\"baa41fb\" data-element_type=\"section\">\n\t\t\t\t\t\t<div class=\"elementor-container elementor-column-gap-default\">\n\t\t\t\t\t<div class=\"elementor-column elementor-col-50 elementor-top-column elementor-element elementor-element-081e614\" data-id=\"081e614\" data-element_type=\"column\" data-settings=\"{&quot;background_background&quot;:&quot;classic&quot;}\">\n\t\t\t<div class=\"elementor-widget-wrap elementor-element-populated\">\n\t\t\t\t\t<div class=\"elementor-background-overlay\"><\/div>\n\t\t\t\t\t\t\t\t<div class=\"elementor-element elementor-element-52ba7c9 elementor-widget elementor-widget-text-editor\" data-id=\"52ba7c9\" data-element_type=\"widget\" data-widget_type=\"text-editor.default\">\n\t\t\t\t<div class=\"elementor-widget-container\">\n\t\t\t<style>\/*! elementor - v3.15.0 - 20-08-2023 *\/\n.elementor-widget-text-editor.elementor-drop-cap-view-stacked .elementor-drop-cap{background-color:#69727d;color:#fff}.elementor-widget-text-editor.elementor-drop-cap-view-framed .elementor-drop-cap{color:#69727d;border:3px solid;background-color:transparent}.elementor-widget-text-editor:not(.elementor-drop-cap-view-default) .elementor-drop-cap{margin-top:8px}.elementor-widget-text-editor:not(.elementor-drop-cap-view-default) .elementor-drop-cap-letter{width:1em;height:1em}.elementor-widget-text-editor .elementor-drop-cap{float:left;text-align:center;line-height:1;font-size:50px}.elementor-widget-text-editor .elementor-drop-cap-letter{display:inline-block}<\/style>\t\t\t\t<p class=\" translation-block\"><strong> \u062a\u0635\u062f\u064a\u0631 \/ \u062a\u0635\u062f\u064a\u0631: export@usoarmatur.com <\/strong> <br> <strong> \u0647\u0627\u062a\u0641: 0549602 89 88 <\/strong> <br> <strong> \u0645\u062d\u0627\u0633\u0628\u0629: Accounting@usoarmatur.com <\/strong> <br> <strong> \u0647\u0627\u062a\u0641: 0549602 89 82 <br> \u0639\u0648\u062f\u0629 \u0627\u0644\u0634\u0643\u0648\u0649: sikayet@usoarmatur.com <br> <\/strong><\/p>\t\t\t\t\t\t<\/div>\n\t\t\t\t<\/div>\n\t\t\t\t\t<\/div>\n\t\t<\/div>\n\t\t\t\t<div class=\"elementor-column elementor-col-50 elementor-top-column elementor-element elementor-element-a171d19\" data-id=\"a171d19\" data-element_type=\"column\">\n\t\t\t<div class=\"elementor-widget-wrap elementor-element-populated\">\n\t\t\t\t\t\t\t\t<section class=\"elementor-section elementor-inner-section elementor-element elementor-element-87caa8a elementor-section-boxed elementor-section-height-default elementor-section-height-default\" data-id=\"87caa8a\" data-element_type=\"section\" data-settings=\"{&quot;background_background&quot;:&quot;classic&quot;}\">\n\t\t\t\t\t\t<div class=\"elementor-container elementor-column-gap-default\">\n\t\t\t\t\t<div class=\"elementor-column elementor-col-100 elementor-inner-column elementor-element elementor-element-e66df53\" data-id=\"e66df53\" data-element_type=\"column\">\n\t\t\t<div class=\"elementor-widget-wrap elementor-element-populated\">\n\t\t\t\t\t\t\t\t<div class=\"elementor-element elementor-element-152688e elementor-widget elementor-widget-heading\" data-id=\"152688e\" data-element_type=\"widget\" data-widget_type=\"heading.default\">\n\t\t\t\t<div class=\"elementor-widget-container\">\n\t\t\t<h2 class=\"elementor-heading-title elementor-size-default\">\u0627\u062a\u0635\u0644 \u0628\u0646\u0627<\/h2>\t\t<\/div>\n\t\t\t\t<\/div>\n\t\t\t\t<div class=\"elementor-element elementor-element-c3b7f09 elementor-widget elementor-widget-shortcode\" data-id=\"c3b7f09\" data-element_type=\"widget\" data-widget_type=\"shortcode.default\">\n\t\t\t\t<div class=\"elementor-widget-container\">\n\t\t\t\t\t<div class=\"elementor-shortcode\">\n<div class=\"wpcf7 no-js\" id=\"wpcf7-f5-o1\" lang=\"en-US\" dir=\"ltr\">\n<div class=\"screen-reader-response\"><p role=\"status\" aria-live=\"polite\" aria-atomic=\"true\"><\/p> <ul><\/ul><\/div>\n<form action=\"\/ar\/wp-json\/wp\/v2\/pages\/39#wpcf7-f5-o1\" method=\"post\" class=\"wpcf7-form init\" aria-label=\"Contact form\" novalidate=\"novalidate\" data-status=\"init\" data-trp-original-action=\"\/ar\/wp-json\/wp\/v2\/pages\/39#wpcf7-f5-o1\">\n<div style=\"display: none;\">\n<input type=\"hidden\" name=\"_wpcf7\" value=\"5\" \/>\n<input type=\"hidden\" name=\"_wpcf7_version\" value=\"5.8\" \/>\n<input type=\"hidden\" name=\"_wpcf7_locale\" value=\"en_US\" \/>\n<input type=\"hidden\" name=\"_wpcf7_unit_tag\" value=\"wpcf7-f5-o1\" \/>\n<input type=\"hidden\" name=\"_wpcf7_container_post\" value=\"0\" \/>\n<input type=\"hidden\" name=\"_wpcf7_posted_data_hash\" value=\"\" \/>\n<\/div>\n<p><label><br \/>\n<span class=\"wpcf7-form-control-wrap\" data-name=\"your-name\"><input size=\"40\" class=\"wpcf7-form-control wpcf7-text wpcf7-validates-as-required\" aria-required=\"true\" aria-invalid=\"false\" placeholder=\"\u0627\u0633\u0645\u0643\" value=\"\" type=\"text\" name=\"your-name\" \/><\/span> <\/label>\n<\/p>\n<p><label><br \/>\n<span class=\"wpcf7-form-control-wrap\" data-name=\"your-email\"><input size=\"40\" class=\"wpcf7-form-control wpcf7-email wpcf7-validates-as-required wpcf7-text wpcf7-validates-as-email\" aria-required=\"true\" aria-invalid=\"false\" placeholder=\"\u0639\u0646\u0648\u0627\u0646 \u0628\u0631\u064a\u062f\u0643  \u0627\u0644\u0625\u0644\u0643\u062a\u0631\u0648\u0646\u064a\" value=\"\" type=\"email\" name=\"your-email\" \/><\/span> <\/label>\n<\/p>\n<p><label><br \/>\n<span class=\"wpcf7-form-control-wrap\" data-name=\"your-subject\"><input size=\"40\" class=\"wpcf7-form-control wpcf7-text wpcf7-validates-as-required\" aria-required=\"true\" aria-invalid=\"false\" placeholder=\"\u0645\u0648\u0636\u0648\u0639\u0627\u062a\" value=\"\" type=\"text\" name=\"your-subject\" \/><\/span> <\/label>\n<\/p>\n<p><label><br \/>\n<span class=\"wpcf7-form-control-wrap\" data-name=\"your-message\"><textarea cols=\"40\" rows=\"10\" class=\"wpcf7-form-control wpcf7-textarea\" aria-invalid=\"false\" placeholder=\"\u0631\u0633\u0627\u0644\u062a\u0643\" name=\"your-message\"><\/textarea><\/span> <\/label>\n<\/p>\n<p><input class=\"wpcf7-form-control wpcf7-submit has-spinner\" type=\"submit\" value=\"\u0625\u0631\u0633\u0627\u0644\" \/>\n<\/p><div class=\"wpcf7-response-output\" aria-hidden=\"true\"><\/div>\n<input type=\"hidden\" name=\"trp-form-language\" value=\"ar\"\/><\/form>\n<\/div>\n<\/div>\n\t\t\t\t<\/div>\n\t\t\t\t<\/div>\n\t\t\t\t\t<\/div>\n\t\t<\/div>\n\t\t\t\t\t\t\t<\/div>\n\t\t<\/section>\n\t\t\t\t\t<\/div>\n\t\t<\/div>\n\t\t\t\t\t\t\t<\/div>\n\t\t<\/section>\n\t\t\t\t\t\t\t<\/div>","protected":false},"excerpt":{"rendered":"<p>\u0130leti\u015fim Bilgileri Lokasyonumuz Kavakl\u0131 Mah. Kavakl\u0131 Cad. No:25 Yakuplu-Beylikd\u00fcz\u00fc info@usoarmatur.com (0212) 876 22 60 Hafta \u0130\u00e7i 08:30 &#8211; 19:00 \u0130hracat\/Export:&nbsp; export@usoarmatur.com Tel : 0 549 602 89 88 Muhasebe: muhasebe@usoarmatur.com Tel : 0 549 602 89 82 \u015eikayet \u0130ade : sikayet@usoarmatur.com B\u0130ZE ULA\u015eIN<\/p>","protected":false},"author":1,"featured_media":0,"parent":0,"menu_order":0,"comment_status":"closed","ping_status":"closed","template":"elementor_header_footer","meta":{"footnotes":""},"class_list":["post-39","page","type-page","status-publish","hentry"],"yoast_head":"<!-- This site is optimized with the Yoast SEO plugin v21.0 - https:\/\/yoast.com\/wordpress\/plugins\/seo\/ -->\n<title>\u0130leti\u015fim - \u00dcSO SU ARMAT\u00dcRLER\u0130<\/title>\n<meta name=\"description\" content=\"\u00dcSO SU ARMAT\u00dcRLER\u0130 kuruldu\u011fu g\u00fcnden itibaren sahip oldu\u011fu uzman kadrosu ve son teknoloji ekipmanlar\u0131 ile batarya, , musluk ve du\u015f setleri \u00fcretimleri yapmaktad\u0131r.\" \/>\n<meta name=\"robots\" content=\"index, follow, max-snippet:-1, max-image-preview:large, max-video-preview:-1\" \/>\n<link rel=\"canonical\" href=\"https:\/\/usoarmatur.com\/ar\/iletisim\/\" \/>\n<meta property=\"og:locale\" content=\"ar_AR\" \/>\n<meta property=\"og:type\" content=\"article\" \/>\n<meta property=\"og:title\" content=\"\u0130leti\u015fim - \u00dcSO SU ARMAT\u00dcRLER\u0130\" \/>\n<meta property=\"og:description\" content=\"\u00dcSO SU ARMAT\u00dcRLER\u0130 kuruldu\u011fu g\u00fcnden itibaren sahip oldu\u011fu uzman kadrosu ve son teknoloji ekipmanlar\u0131 ile batarya, , musluk ve du\u015f setleri \u00fcretimleri yapmaktad\u0131r.\" \/>\n<meta property=\"og:url\" content=\"https:\/\/usoarmatur.com\/ar\/iletisim\/\" \/>\n<meta property=\"og:site_name\" content=\"\u00dcSO SU ARMAT\u00dcRLER\u0130\" \/>\n<meta property=\"article:modified_time\" content=\"2023-09-02T11:43:03+00:00\" \/>\n<meta name=\"twitter:card\" content=\"summary_large_image\" \/>\n<meta name=\"twitter:label1\" content=\"\u0648\u0642\u062a \u0627\u0644\u0642\u0631\u0627\u0621\u0629 \u0627\u0644\u0645\u064f\u0642\u062f\u0651\u0631\" \/>\n\t<meta name=\"twitter:data1\" content=\"\u062f\u0642\u064a\u0642\u0629 \u0648\u0627\u062d\u062f\u0629\" \/>\n<script type=\"application\/ld+json\" class=\"yoast-schema-graph\">{\"@context\":\"https:\/\/schema.org\",\"@graph\":[{\"@type\":\"WebPage\",\"@id\":\"https:\/\/usoarmatur.com\/iletisim\/\",\"url\":\"https:\/\/usoarmatur.com\/iletisim\/\",\"name\":\"\u0130leti\u015fim - \u00dcSO SU ARMAT\u00dcRLER\u0130\",\"isPartOf\":{\"@id\":\"https:\/\/usoarmatur.com\/#website\"},\"datePublished\":\"2021-01-18T07:59:44+00:00\",\"dateModified\":\"2023-09-02T11:43:03+00:00\",\"description\":\"\u00dcSO SU ARMAT\u00dcRLER\u0130 kuruldu\u011fu g\u00fcnden itibaren sahip oldu\u011fu uzman kadrosu ve son teknoloji ekipmanlar\u0131 ile batarya, , musluk ve du\u015f setleri \u00fcretimleri yapmaktad\u0131r.\",\"breadcrumb\":{\"@id\":\"https:\/\/usoarmatur.com\/iletisim\/#breadcrumb\"},\"inLanguage\":\"ar\",\"potentialAction\":[{\"@type\":\"ReadAction\",\"target\":[\"https:\/\/usoarmatur.com\/iletisim\/\"]}]},{\"@type\":\"BreadcrumbList\",\"@id\":\"https:\/\/usoarmatur.com\/iletisim\/#breadcrumb\",\"itemListElement\":[{\"@type\":\"ListItem\",\"position\":1,\"name\":\"Anasayfa\",\"item\":\"https:\/\/usoarmatur.com\/\"},{\"@type\":\"ListItem\",\"position\":2,\"name\":\"\u0130leti\u015fim\"}]},{\"@type\":\"WebSite\",\"@id\":\"https:\/\/usoarmatur.com\/#website\",\"url\":\"https:\/\/usoarmatur.com\/\",\"name\":\"\u00dcSO SU ARMAT\u00dcRLER\u0130\",\"description\":\"\",\"publisher\":{\"@id\":\"https:\/\/usoarmatur.com\/#organization\"},\"potentialAction\":[{\"@type\":\"SearchAction\",\"target\":{\"@type\":\"EntryPoint\",\"urlTemplate\":\"https:\/\/usoarmatur.com\/?s={search_term_string}\"},\"query-input\":\"required name=search_term_string\"}],\"inLanguage\":\"ar\"},{\"@type\":\"Organization\",\"@id\":\"https:\/\/usoarmatur.com\/#organization\",\"name\":\"\u00dcSO SU ARMAT\u00dcRLER\u0130\",\"url\":\"https:\/\/usoarmatur.com\/\",\"logo\":{\"@type\":\"ImageObject\",\"inLanguage\":\"ar\",\"@id\":\"https:\/\/usoarmatur.com\/#\/schema\/logo\/image\/\",\"url\":\"https:\/\/usoarmatur.com\/wp-content\/uploads\/2022\/08\/logo-uso-koyu.png\",\"contentUrl\":\"https:\/\/usoarmatur.com\/wp-content\/uploads\/2022\/08\/logo-uso-koyu.png\",\"width\":262,\"height\":170,\"caption\":\"\u00dcSO SU ARMAT\u00dcRLER\u0130\"},\"image\":{\"@id\":\"https:\/\/usoarmatur.com\/#\/schema\/logo\/image\/\"}}]}<\/script>\n<!-- \/ Yoast SEO plugin. -->","yoast_head_json":{"title":"\u0130leti\u015fim - \u00dcSO SU ARMAT\u00dcRLER\u0130","description":"\u00dcSO SU ARMAT\u00dcRLER\u0130 kuruldu\u011fu g\u00fcnden itibaren sahip oldu\u011fu uzman kadrosu ve son teknoloji ekipmanlar\u0131 ile batarya, , musluk ve du\u015f setleri \u00fcretimleri yapmaktad\u0131r.","robots":{"index":"index","follow":"follow","max-snippet":"max-snippet:-1","max-image-preview":"max-image-preview:large","max-video-preview":"max-video-preview:-1"},"canonical":"https:\/\/usoarmatur.com\/ar\/iletisim\/","og_locale":"ar_AR","og_type":"article","og_title":"\u0130leti\u015fim - \u00dcSO SU ARMAT\u00dcRLER\u0130","og_description":"\u00dcSO SU ARMAT\u00dcRLER\u0130 kuruldu\u011fu g\u00fcnden itibaren sahip oldu\u011fu uzman kadrosu ve son teknoloji ekipmanlar\u0131 ile batarya, , musluk ve du\u015f setleri \u00fcretimleri yapmaktad\u0131r.","og_url":"https:\/\/usoarmatur.com\/ar\/iletisim\/","og_site_name":"\u00dcSO SU ARMAT\u00dcRLER\u0130","article_modified_time":"2023-09-02T11:43:03+00:00","twitter_card":"summary_large_image","twitter_misc":{"\u0648\u0642\u062a \u0627\u0644\u0642\u0631\u0627\u0621\u0629 \u0627\u0644\u0645\u064f\u0642\u062f\u0651\u0631":"\u062f\u0642\u064a\u0642\u0629 \u0648\u0627\u062d\u062f\u0629"},"schema":{"@context":"https:\/\/schema.org","@graph":[{"@type":"WebPage","@id":"https:\/\/usoarmatur.com\/iletisim\/","url":"https:\/\/usoarmatur.com\/iletisim\/","name":"\u0130leti\u015fim - \u00dcSO SU ARMAT\u00dcRLER\u0130","isPartOf":{"@id":"https:\/\/usoarmatur.com\/#website"},"datePublished":"2021-01-18T07:59:44+00:00","dateModified":"2023-09-02T11:43:03+00:00","description":"\u00dcSO SU ARMAT\u00dcRLER\u0130 kuruldu\u011fu g\u00fcnden itibaren sahip oldu\u011fu uzman kadrosu ve son teknoloji ekipmanlar\u0131 ile batarya, , musluk ve du\u015f setleri \u00fcretimleri yapmaktad\u0131r.","breadcrumb":{"@id":"https:\/\/usoarmatur.com\/iletisim\/#breadcrumb"},"inLanguage":"ar","potentialAction":[{"@type":"ReadAction","target":["https:\/\/usoarmatur.com\/iletisim\/"]}]},{"@type":"BreadcrumbList","@id":"https:\/\/usoarmatur.com\/iletisim\/#breadcrumb","itemListElement":[{"@type":"ListItem","position":1,"name":"Anasayfa","item":"https:\/\/usoarmatur.com\/"},{"@type":"ListItem","position":2,"name":"\u0130leti\u015fim"}]},{"@type":"WebSite","@id":"https:\/\/usoarmatur.com\/#website","url":"https:\/\/usoarmatur.com\/","name":"\u00dcSO SU ARMAT\u00dcRLER\u0130","description":"","publisher":{"@id":"https:\/\/usoarmatur.com\/#organization"},"potentialAction":[{"@type":"SearchAction","target":{"@type":"EntryPoint","urlTemplate":"https:\/\/usoarmatur.com\/?s={search_term_string}"},"query-input":"required name=search_term_string"}],"inLanguage":"ar"},{"@type":"Organization","@id":"https:\/\/usoarmatur.com\/#organization","name":"\u00dcSO SU ARMAT\u00dcRLER\u0130","url":"https:\/\/usoarmatur.com\/","logo":{"@type":"ImageObject","inLanguage":"ar","@id":"https:\/\/usoarmatur.com\/#\/schema\/logo\/image\/","url":"https:\/\/usoarmatur.com\/wp-content\/uploads\/2022\/08\/logo-uso-koyu.png","contentUrl":"https:\/\/usoarmatur.com\/wp-content\/uploads\/2022\/08\/logo-uso-koyu.png","width":262,"height":170,"caption":"\u00dcSO SU ARMAT\u00dcRLER\u0130"},"image":{"@id":"https:\/\/usoarmatur.com\/#\/schema\/logo\/image\/"}}]}},"_links":{"self":[{"href":"https:\/\/usoarmatur.com\/ar\/wp-json\/wp\/v2\/pages\/39","targetHints":{"allow":["GET"]}}],"collection":[{"href":"https:\/\/usoarmatur.com\/ar\/wp-json\/wp\/v2\/pages"}],"about":[{"href":"https:\/\/usoarmatur.com\/ar\/wp-json\/wp\/v2\/types\/page"}],"author":[{"embeddable":true,"href":"https:\/\/usoarmatur.com\/ar\/wp-json\/wp\/v2\/users\/1"}],"replies":[{"embeddable":true,"href":"https:\/\/usoarmatur.com\/ar\/wp-json\/wp\/v2\/comments?post=39"}],"version-history":[{"count":56,"href":"https:\/\/usoarmatur.com\/ar\/wp-json\/wp\/v2\/pages\/39\/revisions"}],"predecessor-version":[{"id":2986,"href":"https:\/\/usoarmatur.com\/ar\/wp-json\/wp\/v2\/pages\/39\/revisions\/2986"}],"wp:attachment":[{"href":"https:\/\/usoarmatur.com\/ar\/wp-json\/wp\/v2\/media?parent=39"}],"curies":[{"name":"wp","href":"https:\/\/api.w.org\/{rel}","templated":true}]}}