{"id":2988,"date":"2023-09-04T15:11:38","date_gmt":"2023-09-04T15:11:38","guid":{"rendered":"https:\/\/usoarmatur.com\/?page_id=2988"},"modified":"2023-09-04T15:11:38","modified_gmt":"2023-09-04T15:11:38","slug":"dus-ve-aksesuarlar","status":"publish","type":"page","link":"https:\/\/usoarmatur.com\/en\/dus-ve-aksesuarlar\/","title":{"rendered":"Shower and Accessories"},"content":{"rendered":"<div class=\"_df_book df-lite\" id=\"df_2996\"  data-title=\"dus-ve-aksesuarlar\" _slug=\"dus-ve-aksesuarlar\" wpoptions=\"true\" thumbtype=\"bg\" ><p class=\"df-raw-loading\">Please wait while flipbook is loading. For more related info, FAQs and issues please refer to <a href=\"https:\/\/wordpress.org\/plugins\/3d-flipbook-dflip-lite\/#installation\">DearFlip WordPress Flipbook Plugin Help<\/a> documentation.<\/p><\/div><script class=\"df-shortcode-script\" type=\"application\/javascript\">window.option_df_2996 = {\"outline\":[],\"forceFit\":\"true\",\"autoEnableOutline\":\"false\",\"autoEnableThumbnail\":\"false\",\"overwritePDFOutline\":\"false\",\"direction\":\"1\",\"pageSize\":\"0\",\"source\":\"https:\\\/\\\/usoarmatur.com\\\/wp-content\\\/uploads\\\/2023\\\/09\\\/uso-katalog.pdf\",\"wpOptions\":\"true\"}; if(window.DFLIP && window.DFLIP.parseBooks){window.DFLIP.parseBooks();}<\/script>","protected":false},"excerpt":{"rendered":"","protected":false},"author":1,"featured_media":0,"parent":0,"menu_order":0,"comment_status":"closed","ping_status":"closed","template":"elementor_header_footer","meta":{"footnotes":""},"class_list":["post-2988","page","type-page","status-publish","hentry"],"yoast_head":"<!-- This site is optimized with the Yoast SEO plugin v21.0 - https:\/\/yoast.com\/wordpress\/plugins\/seo\/ -->\n<title>Du\u015f ve Aksesuarlar - \u00dcSO SU ARMAT\u00dcRLER\u0130<\/title>\n<meta name=\"description\" content=\"\u00dcSO SU ARMAT\u00dcRLER\u0130 kuruldu\u011fu g\u00fcnden itibaren sahip oldu\u011fu uzman kadrosu ve son teknoloji ekipmanlar\u0131 ile batarya, , musluk ve du\u015f setleri \u00fcretimleri yapmaktad\u0131r.\" \/>\n<meta name=\"robots\" content=\"index, follow, max-snippet:-1, max-image-preview:large, max-video-preview:-1\" \/>\n<link rel=\"canonical\" href=\"https:\/\/usoarmatur.com\/en\/dus-ve-aksesuarlar\/\" \/>\n<meta property=\"og:locale\" content=\"en_US\" \/>\n<meta property=\"og:type\" content=\"article\" \/>\n<meta property=\"og:title\" content=\"Du\u015f ve Aksesuarlar - \u00dcSO SU ARMAT\u00dcRLER\u0130\" \/>\n<meta property=\"og:description\" content=\"\u00dcSO SU ARMAT\u00dcRLER\u0130 kuruldu\u011fu g\u00fcnden itibaren sahip oldu\u011fu uzman kadrosu ve son teknoloji ekipmanlar\u0131 ile batarya, , musluk ve du\u015f setleri \u00fcretimleri yapmaktad\u0131r.\" \/>\n<meta property=\"og:url\" content=\"https:\/\/usoarmatur.com\/en\/dus-ve-aksesuarlar\/\" \/>\n<meta property=\"og:site_name\" content=\"\u00dcSO SU ARMAT\u00dcRLER\u0130\" \/>\n<meta name=\"twitter:card\" content=\"summary_large_image\" \/>\n<meta name=\"twitter:label1\" content=\"Est. reading time\" \/>\n\t<meta name=\"twitter:data1\" content=\"1 minute\" \/>\n<script type=\"application\/ld+json\" class=\"yoast-schema-graph\">{\"@context\":\"https:\/\/schema.org\",\"@graph\":[{\"@type\":\"WebPage\",\"@id\":\"https:\/\/usoarmatur.com\/dus-ve-aksesuarlar\/\",\"url\":\"https:\/\/usoarmatur.com\/dus-ve-aksesuarlar\/\",\"name\":\"Du\u015f ve Aksesuarlar - \u00dcSO SU ARMAT\u00dcRLER\u0130\",\"isPartOf\":{\"@id\":\"https:\/\/usoarmatur.com\/#website\"},\"datePublished\":\"2023-09-04T15:11:38+00:00\",\"dateModified\":\"2023-09-04T15:11:38+00:00\",\"description\":\"\u00dcSO SU ARMAT\u00dcRLER\u0130 kuruldu\u011fu g\u00fcnden itibaren sahip oldu\u011fu uzman kadrosu ve son teknoloji ekipmanlar\u0131 ile batarya, , musluk ve du\u015f setleri \u00fcretimleri yapmaktad\u0131r.\",\"breadcrumb\":{\"@id\":\"https:\/\/usoarmatur.com\/dus-ve-aksesuarlar\/#breadcrumb\"},\"inLanguage\":\"en-US\",\"potentialAction\":[{\"@type\":\"ReadAction\",\"target\":[\"https:\/\/usoarmatur.com\/dus-ve-aksesuarlar\/\"]}]},{\"@type\":\"BreadcrumbList\",\"@id\":\"https:\/\/usoarmatur.com\/dus-ve-aksesuarlar\/#breadcrumb\",\"itemListElement\":[{\"@type\":\"ListItem\",\"position\":1,\"name\":\"Anasayfa\",\"item\":\"https:\/\/usoarmatur.com\/\"},{\"@type\":\"ListItem\",\"position\":2,\"name\":\"Du\u015f ve Aksesuarlar\"}]},{\"@type\":\"WebSite\",\"@id\":\"https:\/\/usoarmatur.com\/#website\",\"url\":\"https:\/\/usoarmatur.com\/\",\"name\":\"\u00dcSO SU ARMAT\u00dcRLER\u0130\",\"description\":\"\",\"publisher\":{\"@id\":\"https:\/\/usoarmatur.com\/#organization\"},\"potentialAction\":[{\"@type\":\"SearchAction\",\"target\":{\"@type\":\"EntryPoint\",\"urlTemplate\":\"https:\/\/usoarmatur.com\/?s={search_term_string}\"},\"query-input\":\"required name=search_term_string\"}],\"inLanguage\":\"en-US\"},{\"@type\":\"Organization\",\"@id\":\"https:\/\/usoarmatur.com\/#organization\",\"name\":\"\u00dcSO SU ARMAT\u00dcRLER\u0130\",\"url\":\"https:\/\/usoarmatur.com\/\",\"logo\":{\"@type\":\"ImageObject\",\"inLanguage\":\"en-US\",\"@id\":\"https:\/\/usoarmatur.com\/#\/schema\/logo\/image\/\",\"url\":\"https:\/\/usoarmatur.com\/wp-content\/uploads\/2022\/08\/logo-uso-koyu.png\",\"contentUrl\":\"https:\/\/usoarmatur.com\/wp-content\/uploads\/2022\/08\/logo-uso-koyu.png\",\"width\":262,\"height\":170,\"caption\":\"\u00dcSO SU ARMAT\u00dcRLER\u0130\"},\"image\":{\"@id\":\"https:\/\/usoarmatur.com\/#\/schema\/logo\/image\/\"}}]}<\/script>\n<!-- \/ Yoast SEO plugin. -->","yoast_head_json":{"title":"Du\u015f ve Aksesuarlar - \u00dcSO SU ARMAT\u00dcRLER\u0130","description":"\u00dcSO SU ARMAT\u00dcRLER\u0130 kuruldu\u011fu g\u00fcnden itibaren sahip oldu\u011fu uzman kadrosu ve son teknoloji ekipmanlar\u0131 ile batarya, , musluk ve du\u015f setleri \u00fcretimleri yapmaktad\u0131r.","robots":{"index":"index","follow":"follow","max-snippet":"max-snippet:-1","max-image-preview":"max-image-preview:large","max-video-preview":"max-video-preview:-1"},"canonical":"https:\/\/usoarmatur.com\/en\/dus-ve-aksesuarlar\/","og_locale":"en_US","og_type":"article","og_title":"Du\u015f ve Aksesuarlar - \u00dcSO SU ARMAT\u00dcRLER\u0130","og_description":"\u00dcSO SU ARMAT\u00dcRLER\u0130 kuruldu\u011fu g\u00fcnden itibaren sahip oldu\u011fu uzman kadrosu ve son teknoloji ekipmanlar\u0131 ile batarya, , musluk ve du\u015f setleri \u00fcretimleri yapmaktad\u0131r.","og_url":"https:\/\/usoarmatur.com\/en\/dus-ve-aksesuarlar\/","og_site_name":"\u00dcSO SU ARMAT\u00dcRLER\u0130","twitter_card":"summary_large_image","twitter_misc":{"Est. reading time":"1 minute"},"schema":{"@context":"https:\/\/schema.org","@graph":[{"@type":"WebPage","@id":"https:\/\/usoarmatur.com\/dus-ve-aksesuarlar\/","url":"https:\/\/usoarmatur.com\/dus-ve-aksesuarlar\/","name":"Du\u015f ve Aksesuarlar - \u00dcSO SU ARMAT\u00dcRLER\u0130","isPartOf":{"@id":"https:\/\/usoarmatur.com\/#website"},"datePublished":"2023-09-04T15:11:38+00:00","dateModified":"2023-09-04T15:11:38+00:00","description":"\u00dcSO SU ARMAT\u00dcRLER\u0130 kuruldu\u011fu g\u00fcnden itibaren sahip oldu\u011fu uzman kadrosu ve son teknoloji ekipmanlar\u0131 ile batarya, , musluk ve du\u015f setleri \u00fcretimleri yapmaktad\u0131r.","breadcrumb":{"@id":"https:\/\/usoarmatur.com\/dus-ve-aksesuarlar\/#breadcrumb"},"inLanguage":"en-US","potentialAction":[{"@type":"ReadAction","target":["https:\/\/usoarmatur.com\/dus-ve-aksesuarlar\/"]}]},{"@type":"BreadcrumbList","@id":"https:\/\/usoarmatur.com\/dus-ve-aksesuarlar\/#breadcrumb","itemListElement":[{"@type":"ListItem","position":1,"name":"Anasayfa","item":"https:\/\/usoarmatur.com\/"},{"@type":"ListItem","position":2,"name":"Du\u015f ve Aksesuarlar"}]},{"@type":"WebSite","@id":"https:\/\/usoarmatur.com\/#website","url":"https:\/\/usoarmatur.com\/","name":"\u00dcSO SU ARMAT\u00dcRLER\u0130","description":"","publisher":{"@id":"https:\/\/usoarmatur.com\/#organization"},"potentialAction":[{"@type":"SearchAction","target":{"@type":"EntryPoint","urlTemplate":"https:\/\/usoarmatur.com\/?s={search_term_string}"},"query-input":"required name=search_term_string"}],"inLanguage":"en-US"},{"@type":"Organization","@id":"https:\/\/usoarmatur.com\/#organization","name":"\u00dcSO SU ARMAT\u00dcRLER\u0130","url":"https:\/\/usoarmatur.com\/","logo":{"@type":"ImageObject","inLanguage":"en-US","@id":"https:\/\/usoarmatur.com\/#\/schema\/logo\/image\/","url":"https:\/\/usoarmatur.com\/wp-content\/uploads\/2022\/08\/logo-uso-koyu.png","contentUrl":"https:\/\/usoarmatur.com\/wp-content\/uploads\/2022\/08\/logo-uso-koyu.png","width":262,"height":170,"caption":"\u00dcSO SU ARMAT\u00dcRLER\u0130"},"image":{"@id":"https:\/\/usoarmatur.com\/#\/schema\/logo\/image\/"}}]}},"_links":{"self":[{"href":"https:\/\/usoarmatur.com\/en\/wp-json\/wp\/v2\/pages\/2988","targetHints":{"allow":["GET"]}}],"collection":[{"href":"https:\/\/usoarmatur.com\/en\/wp-json\/wp\/v2\/pages"}],"about":[{"href":"https:\/\/usoarmatur.com\/en\/wp-json\/wp\/v2\/types\/page"}],"author":[{"embeddable":true,"href":"https:\/\/usoarmatur.com\/en\/wp-json\/wp\/v2\/users\/1"}],"replies":[{"embeddable":true,"href":"https:\/\/usoarmatur.com\/en\/wp-json\/wp\/v2\/comments?post=2988"}],"version-history":[{"count":1,"href":"https:\/\/usoarmatur.com\/en\/wp-json\/wp\/v2\/pages\/2988\/revisions"}],"predecessor-version":[{"id":2999,"href":"https:\/\/usoarmatur.com\/en\/wp-json\/wp\/v2\/pages\/2988\/revisions\/2999"}],"wp:attachment":[{"href":"https:\/\/usoarmatur.com\/en\/wp-json\/wp\/v2\/media?parent=2988"}],"curies":[{"name":"wp","href":"https:\/\/api.w.org\/{rel}","templated":true}]}}