{"id":556,"date":"2021-02-01T08:36:44","date_gmt":"2021-02-01T08:36:44","guid":{"rendered":"https:\/\/ld-wp73.template-help.com\/wordpress\/prod_7581\/v1\/?page_id=556"},"modified":"2022-08-30T08:29:06","modified_gmt":"2022-08-30T08:29:06","slug":"seriler","status":"publish","type":"page","link":"https:\/\/usoarmatur.com\/en\/sertifikalar\/seriler\/","title":{"rendered":"Series"},"content":{"rendered":"<div data-elementor-type=\"wp-page\" data-elementor-id=\"556\" class=\"elementor elementor-556\">\n\t\t\t\t\t\t\t\t\t<section class=\"elementor-section elementor-top-section elementor-element elementor-element-384f463 elementor-section-full_width elementor-section-height-default elementor-section-height-default\" data-id=\"384f463\" data-element_type=\"section\">\n\t\t\t\t\t\t<div class=\"elementor-container elementor-column-gap-default\">\n\t\t\t\t\t<div class=\"elementor-column elementor-col-100 elementor-top-column elementor-element elementor-element-8424b80\" data-id=\"8424b80\" data-element_type=\"column\">\n\t\t\t<div class=\"elementor-widget-wrap\">\n\t\t\t\t\t\t\t\t\t<\/div>\n\t\t<\/div>\n\t\t\t\t\t\t\t<\/div>\n\t\t<\/section>\n\t\t\t\t<section class=\"elementor-section elementor-top-section elementor-element elementor-element-fa2be2f elementor-section-boxed elementor-section-height-default elementor-section-height-default\" data-id=\"fa2be2f\" data-element_type=\"section\">\n\t\t\t\t\t\t<div class=\"elementor-container elementor-column-gap-default\">\n\t\t\t\t\t<div class=\"elementor-column elementor-col-50 elementor-top-column elementor-element elementor-element-6af5efe\" data-id=\"6af5efe\" data-element_type=\"column\">\n\t\t\t<div class=\"elementor-widget-wrap elementor-element-populated\">\n\t\t\t\t\t\t\t\t<div class=\"elementor-element elementor-element-d38ba38 elementor-widget elementor-widget-text-editor\" data-id=\"d38ba38\" data-element_type=\"widget\" data-widget_type=\"text-editor.default\">\n\t\t\t\t<div class=\"elementor-widget-container\">\n\t\t\t<style>\/*! elementor - v3.15.0 - 20-08-2023 *\/\n.elementor-widget-text-editor.elementor-drop-cap-view-stacked .elementor-drop-cap{background-color:#69727d;color:#fff}.elementor-widget-text-editor.elementor-drop-cap-view-framed .elementor-drop-cap{color:#69727d;border:3px solid;background-color:transparent}.elementor-widget-text-editor:not(.elementor-drop-cap-view-default) .elementor-drop-cap{margin-top:8px}.elementor-widget-text-editor:not(.elementor-drop-cap-view-default) .elementor-drop-cap-letter{width:1em;height:1em}.elementor-widget-text-editor .elementor-drop-cap{float:left;text-align:center;line-height:1;font-size:50px}.elementor-widget-text-editor .elementor-drop-cap-letter{display:inline-block}<\/style>\t\t\t\tAndrew Cuomo\u2019s vision for a new, refreshed design of New York City\u2019s JBK Airport continues to move forward.\t\t\t\t\t\t<\/div>\n\t\t\t\t<\/div>\n\t\t\t\t<div class=\"elementor-element elementor-element-93f6a2c elementor-widget elementor-widget-text-editor\" data-id=\"93f6a2c\" data-element_type=\"widget\" data-widget_type=\"text-editor.default\">\n\t\t\t\t<div class=\"elementor-widget-container\">\n\t\t\t\t\t\t\tRecently, we\u2019ve been chosen by the state of New York as the architecture company to be responsible for all the renovation works in JBK\u2019s Terminal B and Central Hall \u2026\n<br><br>\nMr. Cuomo (the state\u2019s governor) said earlier that the Port Authority\u2019s previous plan for La Guardia was \u201cshortsighted\u201d and insufficient. \u201cMy directive was not to rebuild what was, but imagine and build what should be,\u201d Andrew Cuomo told at the press conference.\t\t\t\t\t\t<\/div>\n\t\t\t\t<\/div>\n\t\t\t\t<div class=\"elementor-element elementor-element-dab00c8 elementor-widget elementor-widget-text-editor\" data-id=\"dab00c8\" data-element_type=\"widget\" data-widget_type=\"text-editor.default\">\n\t\t\t\t<div class=\"elementor-widget-container\">\n\t\t\t\t\t\t\tEventually, after few months of tight competition, La Guardia Airport\u2019s operator picked our development team to replace an aging terminal building. The state\u2019s officials say that it\u2019s a major step towards envisioning a better aerial hub for NYC.\t\t\t\t\t\t<\/div>\n\t\t\t\t<\/div>\n\t\t\t\t<div class=\"elementor-element elementor-element-e2c7f79 elementor-widget elementor-widget-text-editor\" data-id=\"e2c7f79\" data-element_type=\"widget\" data-widget_type=\"text-editor.default\">\n\t\t\t\t<div class=\"elementor-widget-container\">\n\t\t\t\t\t\t\tThe overall cost of the project, initially estimated at $3.0 billion, could be reduced with our help down to $400 million. These money will go for constructing the new \u201ccentral entry portal\u201d for La Guardia\u2019s Central Terminal Building. That one is currently known to travelers as Terminal B. It means the total price tag could fall by about 8%, all thanks to our elaborate costs assessments and due diligence.\n<br><br>\nThe entryway overhaul was recommended by an independent, outside panel appointed by New York Gov. Andrew Cuomo. From the very beginning it\u2019s been tasked with broadly reinventing of the entire image of the airport.\n<br><br>\nAt the end of the day (summer of 2019), the finalized and approved renovation plan will link Terminals B and C, offer additional retail space and potentially accommodate a rail link, a people-mover, hotel and meeting center.\t\t\t\t\t\t<\/div>\n\t\t\t\t<\/div>\n\t\t\t\t<div class=\"elementor-element elementor-element-3d80d45 elementor-widget elementor-widget-text-editor\" data-id=\"3d80d45\" data-element_type=\"widget\" data-widget_type=\"text-editor.default\">\n\t\t\t\t<div class=\"elementor-widget-container\">\n\t\t\t\t\t\t\tServices\t\t\t\t\t\t<\/div>\n\t\t\t\t<\/div>\n\t\t\t\t<div class=\"elementor-element elementor-element-a237911 elementor-icon-list--layout-traditional elementor-list-item-link-full_width elementor-widget elementor-widget-icon-list\" data-id=\"a237911\" data-element_type=\"widget\" id=\"projects_list\" data-widget_type=\"icon-list.default\">\n\t\t\t\t<div class=\"elementor-widget-container\">\n\t\t\t<link rel=\"stylesheet\" href=\"https:\/\/usoarmatur.com\/wp-content\/plugins\/elementor\/assets\/css\/widget-icon-list.min.css\">\t\t<ul class=\"elementor-icon-list-items\">\n\t\t\t\t\t\t\t<li class=\"elementor-icon-list-item\">\n\t\t\t\t\t\t\t\t\t\t\t<span class=\"elementor-icon-list-icon\">\n\t\t\t\t\t\t\t<i aria-hidden=\"true\" class=\"fas fa-circle\"><\/i>\t\t\t\t\t\t<\/span>\n\t\t\t\t\t\t\t\t\t\t<span class=\"elementor-icon-list-text\">Architecture<\/span>\n\t\t\t\t\t\t\t\t\t<\/li>\n\t\t\t\t\t\t\t\t<li class=\"elementor-icon-list-item\">\n\t\t\t\t\t\t\t\t\t\t\t<span class=\"elementor-icon-list-icon\">\n\t\t\t\t\t\t\t<i aria-hidden=\"true\" class=\"fas fa-circle\"><\/i>\t\t\t\t\t\t<\/span>\n\t\t\t\t\t\t\t\t\t\t<span class=\"elementor-icon-list-text\">Facility Programming<\/span>\n\t\t\t\t\t\t\t\t\t<\/li>\n\t\t\t\t\t\t\t\t<li class=\"elementor-icon-list-item\">\n\t\t\t\t\t\t\t\t\t\t\t<span class=\"elementor-icon-list-icon\">\n\t\t\t\t\t\t\t<i aria-hidden=\"true\" class=\"fas fa-circle\"><\/i>\t\t\t\t\t\t<\/span>\n\t\t\t\t\t\t\t\t\t\t<span class=\"elementor-icon-list-text\">Graphic Design<\/span>\n\t\t\t\t\t\t\t\t\t<\/li>\n\t\t\t\t\t\t\t\t<li class=\"elementor-icon-list-item\">\n\t\t\t\t\t\t\t\t\t\t\t<span class=\"elementor-icon-list-icon\">\n\t\t\t\t\t\t\t<i aria-hidden=\"true\" class=\"fas fa-circle\"><\/i>\t\t\t\t\t\t<\/span>\n\t\t\t\t\t\t\t\t\t\t<span class=\"elementor-icon-list-text\">Interior Design<\/span>\n\t\t\t\t\t\t\t\t\t<\/li>\n\t\t\t\t\t\t\t\t<li class=\"elementor-icon-list-item\">\n\t\t\t\t\t\t\t\t\t\t\t<span class=\"elementor-icon-list-icon\">\n\t\t\t\t\t\t\t<i aria-hidden=\"true\" class=\"fas fa-circle\"><\/i>\t\t\t\t\t\t<\/span>\n\t\t\t\t\t\t\t\t\t\t<span class=\"elementor-icon-list-text\">Landscape Architecture<\/span>\n\t\t\t\t\t\t\t\t\t<\/li>\n\t\t\t\t\t\t\t\t<li class=\"elementor-icon-list-item\">\n\t\t\t\t\t\t\t\t\t\t\t<span class=\"elementor-icon-list-icon\">\n\t\t\t\t\t\t\t<i aria-hidden=\"true\" class=\"fas fa-circle\"><\/i>\t\t\t\t\t\t<\/span>\n\t\t\t\t\t\t\t\t\t\t<span class=\"elementor-icon-list-text\">Master Planning<\/span>\n\t\t\t\t\t\t\t\t\t<\/li>\n\t\t\t\t\t\t\t\t<li class=\"elementor-icon-list-item\">\n\t\t\t\t\t\t\t\t\t\t\t<span class=\"elementor-icon-list-icon\">\n\t\t\t\t\t\t\t<i aria-hidden=\"true\" class=\"fas fa-circle\"><\/i>\t\t\t\t\t\t<\/span>\n\t\t\t\t\t\t\t\t\t\t<span class=\"elementor-icon-list-text\">Mechanical\/Electrical\/Plumbing\/<\/span>\n\t\t\t\t\t\t\t\t\t<\/li>\n\t\t\t\t\t\t\t\t<li class=\"elementor-icon-list-item\">\n\t\t\t\t\t\t\t\t\t\t\t<span class=\"elementor-icon-list-icon\">\n\t\t\t\t\t\t\t<i aria-hidden=\"true\" class=\"fas fa-circle\"><\/i>\t\t\t\t\t\t<\/span>\n\t\t\t\t\t\t\t\t\t\t<span class=\"elementor-icon-list-text\">Fire Protection Engineering<\/span>\n\t\t\t\t\t\t\t\t\t<\/li>\n\t\t\t\t\t\t<\/ul>\n\t\t\t\t<\/div>\n\t\t\t\t<\/div>\n\t\t\t\t<div class=\"elementor-element elementor-element-143dce3 elementor-widget__width-auto elementor-widget elementor-widget-text-editor\" data-id=\"143dce3\" data-element_type=\"widget\" data-widget_type=\"text-editor.default\">\n\t\t\t\t<div class=\"elementor-widget-container\">\n\t\t\t\t\t\t\tShare:\t\t\t\t\t\t<\/div>\n\t\t\t\t<\/div>\n\t\t\t\t<div class=\"elementor-element elementor-element-c751569 elementor-shape-circle elementor-widget__width-auto elementor-grid-0 e-grid-align-center elementor-widget elementor-widget-social-icons\" data-id=\"c751569\" data-element_type=\"widget\" data-widget_type=\"social-icons.default\">\n\t\t\t\t<div class=\"elementor-widget-container\">\n\t\t\t<style>\/*! elementor - v3.15.0 - 20-08-2023 *\/\n.elementor-widget-social-icons.elementor-grid-0 .elementor-widget-container,.elementor-widget-social-icons.elementor-grid-mobile-0 .elementor-widget-container,.elementor-widget-social-icons.elementor-grid-tablet-0 .elementor-widget-container{line-height:1;font-size:0}.elementor-widget-social-icons:not(.elementor-grid-0):not(.elementor-grid-tablet-0):not(.elementor-grid-mobile-0) .elementor-grid{display:inline-grid}.elementor-widget-social-icons .elementor-grid{grid-column-gap:var(--grid-column-gap,5px);grid-row-gap:var(--grid-row-gap,5px);grid-template-columns:var(--grid-template-columns);justify-content:var(--justify-content,center);justify-items:var(--justify-content,center)}.elementor-icon.elementor-social-icon{font-size:var(--icon-size,25px);line-height:var(--icon-size,25px);width:calc(var(--icon-size, 25px) + (2 * var(--icon-padding, .5em)));height:calc(var(--icon-size, 25px) + (2 * var(--icon-padding, .5em)))}.elementor-social-icon{--e-social-icon-icon-color:#fff;display:inline-flex;background-color:#69727d;align-items:center;justify-content:center;text-align:center;cursor:pointer}.elementor-social-icon i{color:var(--e-social-icon-icon-color)}.elementor-social-icon svg{fill:var(--e-social-icon-icon-color)}.elementor-social-icon:last-child{margin:0}.elementor-social-icon:hover{opacity:.9;color:#fff}.elementor-social-icon-android{background-color:#a4c639}.elementor-social-icon-apple{background-color:#999}.elementor-social-icon-behance{background-color:#1769ff}.elementor-social-icon-bitbucket{background-color:#205081}.elementor-social-icon-codepen{background-color:#000}.elementor-social-icon-delicious{background-color:#39f}.elementor-social-icon-deviantart{background-color:#05cc47}.elementor-social-icon-digg{background-color:#005be2}.elementor-social-icon-dribbble{background-color:#ea4c89}.elementor-social-icon-elementor{background-color:#d30c5c}.elementor-social-icon-envelope{background-color:#ea4335}.elementor-social-icon-facebook,.elementor-social-icon-facebook-f{background-color:#3b5998}.elementor-social-icon-flickr{background-color:#0063dc}.elementor-social-icon-foursquare{background-color:#2d5be3}.elementor-social-icon-free-code-camp,.elementor-social-icon-freecodecamp{background-color:#006400}.elementor-social-icon-github{background-color:#333}.elementor-social-icon-gitlab{background-color:#e24329}.elementor-social-icon-globe{background-color:#69727d}.elementor-social-icon-google-plus,.elementor-social-icon-google-plus-g{background-color:#dd4b39}.elementor-social-icon-houzz{background-color:#7ac142}.elementor-social-icon-instagram{background-color:#262626}.elementor-social-icon-jsfiddle{background-color:#487aa2}.elementor-social-icon-link{background-color:#818a91}.elementor-social-icon-linkedin,.elementor-social-icon-linkedin-in{background-color:#0077b5}.elementor-social-icon-medium{background-color:#00ab6b}.elementor-social-icon-meetup{background-color:#ec1c40}.elementor-social-icon-mixcloud{background-color:#273a4b}.elementor-social-icon-odnoklassniki{background-color:#f4731c}.elementor-social-icon-pinterest{background-color:#bd081c}.elementor-social-icon-product-hunt{background-color:#da552f}.elementor-social-icon-reddit{background-color:#ff4500}.elementor-social-icon-rss{background-color:#f26522}.elementor-social-icon-shopping-cart{background-color:#4caf50}.elementor-social-icon-skype{background-color:#00aff0}.elementor-social-icon-slideshare{background-color:#0077b5}.elementor-social-icon-snapchat{background-color:#fffc00}.elementor-social-icon-soundcloud{background-color:#f80}.elementor-social-icon-spotify{background-color:#2ebd59}.elementor-social-icon-stack-overflow{background-color:#fe7a15}.elementor-social-icon-steam{background-color:#00adee}.elementor-social-icon-stumbleupon{background-color:#eb4924}.elementor-social-icon-telegram{background-color:#2ca5e0}.elementor-social-icon-thumb-tack{background-color:#1aa1d8}.elementor-social-icon-tripadvisor{background-color:#589442}.elementor-social-icon-tumblr{background-color:#35465c}.elementor-social-icon-twitch{background-color:#6441a5}.elementor-social-icon-twitter{background-color:#1da1f2}.elementor-social-icon-viber{background-color:#665cac}.elementor-social-icon-vimeo{background-color:#1ab7ea}.elementor-social-icon-vk{background-color:#45668e}.elementor-social-icon-weibo{background-color:#dd2430}.elementor-social-icon-weixin{background-color:#31a918}.elementor-social-icon-whatsapp{background-color:#25d366}.elementor-social-icon-wordpress{background-color:#21759b}.elementor-social-icon-xing{background-color:#026466}.elementor-social-icon-yelp{background-color:#af0606}.elementor-social-icon-youtube{background-color:#cd201f}.elementor-social-icon-500px{background-color:#0099e5}.elementor-shape-rounded .elementor-icon.elementor-social-icon{border-radius:10%}.elementor-shape-circle .elementor-icon.elementor-social-icon{border-radius:50%}<\/style>\t\t<div class=\"elementor-social-icons-wrapper elementor-grid\">\n\t\t\t\t\t\t\t<span class=\"elementor-grid-item\">\n\t\t\t\t\t<a class=\"elementor-icon elementor-social-icon elementor-social-icon-facebook-f elementor-repeater-item-4e354f9\" href=\"#\" target=\"_blank\">\n\t\t\t\t\t\t<span class=\"elementor-screen-only\">Facebook-f<\/span>\n\t\t\t\t\t\t<i class=\"fab fa-facebook-f\"><\/i>\t\t\t\t\t<\/a>\n\t\t\t\t<\/span>\n\t\t\t\t\t\t\t<span class=\"elementor-grid-item\">\n\t\t\t\t\t<a class=\"elementor-icon elementor-social-icon elementor-social-icon-twitter elementor-repeater-item-b445e07\" href=\"#\" target=\"_blank\">\n\t\t\t\t\t\t<span class=\"elementor-screen-only\">Twitter<\/span>\n\t\t\t\t\t\t<i class=\"fab fa-twitter\"><\/i>\t\t\t\t\t<\/a>\n\t\t\t\t<\/span>\n\t\t\t\t\t\t\t<span class=\"elementor-grid-item\">\n\t\t\t\t\t<a class=\"elementor-icon elementor-social-icon elementor-social-icon-youtube elementor-repeater-item-b82f328\" href=\"#\" target=\"_blank\">\n\t\t\t\t\t\t<span class=\"elementor-screen-only\">Youtube<\/span>\n\t\t\t\t\t\t<i class=\"fab fa-youtube\"><\/i>\t\t\t\t\t<\/a>\n\t\t\t\t<\/span>\n\t\t\t\t\t\t\t<span class=\"elementor-grid-item\">\n\t\t\t\t\t<a class=\"elementor-icon elementor-social-icon elementor-social-icon-instagram elementor-repeater-item-05fd24b\" href=\"#\" target=\"_blank\">\n\t\t\t\t\t\t<span class=\"elementor-screen-only\">Instagram<\/span>\n\t\t\t\t\t\t<i class=\"fab fa-instagram\"><\/i>\t\t\t\t\t<\/a>\n\t\t\t\t<\/span>\n\t\t\t\t\t\t\t<span class=\"elementor-grid-item\">\n\t\t\t\t\t<a class=\"elementor-icon elementor-social-icon elementor-social-icon-rss elementor-repeater-item-43ad10d\" href=\"#\" target=\"_blank\">\n\t\t\t\t\t\t<span class=\"elementor-screen-only\">Rss<\/span>\n\t\t\t\t\t\t<i class=\"fas fa-rss\"><\/i>\t\t\t\t\t<\/a>\n\t\t\t\t<\/span>\n\t\t\t\t\t<\/div>\n\t\t\t\t<\/div>\n\t\t\t\t<\/div>\n\t\t\t\t\t<\/div>\n\t\t<\/div>\n\t\t\t\t<div class=\"elementor-column elementor-col-50 elementor-top-column elementor-element elementor-element-096e700\" data-id=\"096e700\" data-element_type=\"column\">\n\t\t\t<div class=\"elementor-widget-wrap\">\n\t\t\t\t\t\t\t\t\t<\/div>\n\t\t<\/div>\n\t\t\t\t\t\t\t<\/div>\n\t\t<\/section>\n\t\t\t\t\t\t\t<\/div>","protected":false},"excerpt":{"rendered":"<p>Industrial Industrial Industrial Andrew Cuomo\u2019s vision for a new, refreshed design of New York City\u2019s JBK Airport continues to move forward.Recently, we\u2019ve been chosen by the state of New York as the architecture company to be responsible for all the renovation works in JBK\u2019s Terminal B and Central Hall \u2026 Mr. Cuomo (the state\u2019s governor) [&hellip;]<\/p>","protected":false},"author":1,"featured_media":0,"parent":35,"menu_order":0,"comment_status":"closed","ping_status":"closed","template":"elementor_header_footer","meta":{"footnotes":""},"class_list":["post-556","page","type-page","status-publish","hentry"],"yoast_head":"<!-- This site is optimized with the Yoast SEO plugin v21.0 - https:\/\/yoast.com\/wordpress\/plugins\/seo\/ -->\n<title>Seriler - \u00dcSO SU ARMAT\u00dcRLER\u0130<\/title>\n<meta name=\"description\" content=\"\u00dcSO SU ARMAT\u00dcRLER\u0130 kuruldu\u011fu g\u00fcnden itibaren sahip oldu\u011fu uzman kadrosu ve son teknoloji ekipmanlar\u0131 ile batarya, , musluk ve du\u015f setleri \u00fcretimleri yapmaktad\u0131r.\" \/>\n<meta name=\"robots\" content=\"index, follow, max-snippet:-1, max-image-preview:large, max-video-preview:-1\" \/>\n<link rel=\"canonical\" href=\"https:\/\/usoarmatur.com\/en\/sertifikalar\/seriler\/\" \/>\n<meta property=\"og:locale\" content=\"en_US\" \/>\n<meta property=\"og:type\" content=\"article\" \/>\n<meta property=\"og:title\" content=\"Seriler - \u00dcSO SU ARMAT\u00dcRLER\u0130\" \/>\n<meta property=\"og:description\" content=\"\u00dcSO SU ARMAT\u00dcRLER\u0130 kuruldu\u011fu g\u00fcnden itibaren sahip oldu\u011fu uzman kadrosu ve son teknoloji ekipmanlar\u0131 ile batarya, , musluk ve du\u015f setleri \u00fcretimleri yapmaktad\u0131r.\" \/>\n<meta property=\"og:url\" content=\"https:\/\/usoarmatur.com\/en\/sertifikalar\/seriler\/\" \/>\n<meta property=\"og:site_name\" content=\"\u00dcSO SU ARMAT\u00dcRLER\u0130\" \/>\n<meta property=\"article:modified_time\" content=\"2022-08-30T08:29:06+00:00\" \/>\n<meta property=\"og:image\" content=\"https:\/\/usoarmatur.com\/wp-content\/uploads\/2021\/01\/project1.jpg\" \/>\n<meta name=\"twitter:card\" content=\"summary_large_image\" \/>\n<meta name=\"twitter:label1\" content=\"Est. reading time\" \/>\n\t<meta name=\"twitter:data1\" content=\"2 minutes\" \/>\n<script type=\"application\/ld+json\" class=\"yoast-schema-graph\">{\"@context\":\"https:\/\/schema.org\",\"@graph\":[{\"@type\":\"WebPage\",\"@id\":\"https:\/\/usoarmatur.com\/sertifikalar\/seriler\/\",\"url\":\"https:\/\/usoarmatur.com\/sertifikalar\/seriler\/\",\"name\":\"Seriler - \u00dcSO SU ARMAT\u00dcRLER\u0130\",\"isPartOf\":{\"@id\":\"https:\/\/usoarmatur.com\/#website\"},\"datePublished\":\"2021-02-01T08:36:44+00:00\",\"dateModified\":\"2022-08-30T08:29:06+00:00\",\"description\":\"\u00dcSO SU ARMAT\u00dcRLER\u0130 kuruldu\u011fu g\u00fcnden itibaren sahip oldu\u011fu uzman kadrosu ve son teknoloji ekipmanlar\u0131 ile batarya, , musluk ve du\u015f setleri \u00fcretimleri yapmaktad\u0131r.\",\"breadcrumb\":{\"@id\":\"https:\/\/usoarmatur.com\/sertifikalar\/seriler\/#breadcrumb\"},\"inLanguage\":\"en-US\",\"potentialAction\":[{\"@type\":\"ReadAction\",\"target\":[\"https:\/\/usoarmatur.com\/sertifikalar\/seriler\/\"]}]},{\"@type\":\"BreadcrumbList\",\"@id\":\"https:\/\/usoarmatur.com\/sertifikalar\/seriler\/#breadcrumb\",\"itemListElement\":[{\"@type\":\"ListItem\",\"position\":1,\"name\":\"Anasayfa\",\"item\":\"https:\/\/usoarmatur.com\/\"},{\"@type\":\"ListItem\",\"position\":2,\"name\":\"Sertifikalar\",\"item\":\"https:\/\/usoarmatur.com\/sertifikalar\/\"},{\"@type\":\"ListItem\",\"position\":3,\"name\":\"Seriler\"}]},{\"@type\":\"WebSite\",\"@id\":\"https:\/\/usoarmatur.com\/#website\",\"url\":\"https:\/\/usoarmatur.com\/\",\"name\":\"\u00dcSO SU ARMAT\u00dcRLER\u0130\",\"description\":\"\",\"publisher\":{\"@id\":\"https:\/\/usoarmatur.com\/#organization\"},\"potentialAction\":[{\"@type\":\"SearchAction\",\"target\":{\"@type\":\"EntryPoint\",\"urlTemplate\":\"https:\/\/usoarmatur.com\/?s={search_term_string}\"},\"query-input\":\"required name=search_term_string\"}],\"inLanguage\":\"en-US\"},{\"@type\":\"Organization\",\"@id\":\"https:\/\/usoarmatur.com\/#organization\",\"name\":\"\u00dcSO SU ARMAT\u00dcRLER\u0130\",\"url\":\"https:\/\/usoarmatur.com\/\",\"logo\":{\"@type\":\"ImageObject\",\"inLanguage\":\"en-US\",\"@id\":\"https:\/\/usoarmatur.com\/#\/schema\/logo\/image\/\",\"url\":\"https:\/\/usoarmatur.com\/wp-content\/uploads\/2022\/08\/logo-uso-koyu.png\",\"contentUrl\":\"https:\/\/usoarmatur.com\/wp-content\/uploads\/2022\/08\/logo-uso-koyu.png\",\"width\":262,\"height\":170,\"caption\":\"\u00dcSO SU ARMAT\u00dcRLER\u0130\"},\"image\":{\"@id\":\"https:\/\/usoarmatur.com\/#\/schema\/logo\/image\/\"}}]}<\/script>\n<!-- \/ Yoast SEO plugin. -->","yoast_head_json":{"title":"Seriler - \u00dcSO SU ARMAT\u00dcRLER\u0130","description":"\u00dcSO SU ARMAT\u00dcRLER\u0130 kuruldu\u011fu g\u00fcnden itibaren sahip oldu\u011fu uzman kadrosu ve son teknoloji ekipmanlar\u0131 ile batarya, , musluk ve du\u015f setleri \u00fcretimleri yapmaktad\u0131r.","robots":{"index":"index","follow":"follow","max-snippet":"max-snippet:-1","max-image-preview":"max-image-preview:large","max-video-preview":"max-video-preview:-1"},"canonical":"https:\/\/usoarmatur.com\/en\/sertifikalar\/seriler\/","og_locale":"en_US","og_type":"article","og_title":"Seriler - \u00dcSO SU ARMAT\u00dcRLER\u0130","og_description":"\u00dcSO SU ARMAT\u00dcRLER\u0130 kuruldu\u011fu g\u00fcnden itibaren sahip oldu\u011fu uzman kadrosu ve son teknoloji ekipmanlar\u0131 ile batarya, , musluk ve du\u015f setleri \u00fcretimleri yapmaktad\u0131r.","og_url":"https:\/\/usoarmatur.com\/en\/sertifikalar\/seriler\/","og_site_name":"\u00dcSO SU ARMAT\u00dcRLER\u0130","article_modified_time":"2022-08-30T08:29:06+00:00","og_image":[{"url":"https:\/\/usoarmatur.com\/wp-content\/uploads\/2021\/01\/project1.jpg"}],"twitter_card":"summary_large_image","twitter_misc":{"Est. reading time":"2 minutes"},"schema":{"@context":"https:\/\/schema.org","@graph":[{"@type":"WebPage","@id":"https:\/\/usoarmatur.com\/sertifikalar\/seriler\/","url":"https:\/\/usoarmatur.com\/sertifikalar\/seriler\/","name":"Seriler - \u00dcSO SU ARMAT\u00dcRLER\u0130","isPartOf":{"@id":"https:\/\/usoarmatur.com\/#website"},"datePublished":"2021-02-01T08:36:44+00:00","dateModified":"2022-08-30T08:29:06+00:00","description":"\u00dcSO SU ARMAT\u00dcRLER\u0130 kuruldu\u011fu g\u00fcnden itibaren sahip oldu\u011fu uzman kadrosu ve son teknoloji ekipmanlar\u0131 ile batarya, , musluk ve du\u015f setleri \u00fcretimleri yapmaktad\u0131r.","breadcrumb":{"@id":"https:\/\/usoarmatur.com\/sertifikalar\/seriler\/#breadcrumb"},"inLanguage":"en-US","potentialAction":[{"@type":"ReadAction","target":["https:\/\/usoarmatur.com\/sertifikalar\/seriler\/"]}]},{"@type":"BreadcrumbList","@id":"https:\/\/usoarmatur.com\/sertifikalar\/seriler\/#breadcrumb","itemListElement":[{"@type":"ListItem","position":1,"name":"Anasayfa","item":"https:\/\/usoarmatur.com\/"},{"@type":"ListItem","position":2,"name":"Sertifikalar","item":"https:\/\/usoarmatur.com\/sertifikalar\/"},{"@type":"ListItem","position":3,"name":"Seriler"}]},{"@type":"WebSite","@id":"https:\/\/usoarmatur.com\/#website","url":"https:\/\/usoarmatur.com\/","name":"\u00dcSO SU ARMAT\u00dcRLER\u0130","description":"","publisher":{"@id":"https:\/\/usoarmatur.com\/#organization"},"potentialAction":[{"@type":"SearchAction","target":{"@type":"EntryPoint","urlTemplate":"https:\/\/usoarmatur.com\/?s={search_term_string}"},"query-input":"required name=search_term_string"}],"inLanguage":"en-US"},{"@type":"Organization","@id":"https:\/\/usoarmatur.com\/#organization","name":"\u00dcSO SU ARMAT\u00dcRLER\u0130","url":"https:\/\/usoarmatur.com\/","logo":{"@type":"ImageObject","inLanguage":"en-US","@id":"https:\/\/usoarmatur.com\/#\/schema\/logo\/image\/","url":"https:\/\/usoarmatur.com\/wp-content\/uploads\/2022\/08\/logo-uso-koyu.png","contentUrl":"https:\/\/usoarmatur.com\/wp-content\/uploads\/2022\/08\/logo-uso-koyu.png","width":262,"height":170,"caption":"\u00dcSO SU ARMAT\u00dcRLER\u0130"},"image":{"@id":"https:\/\/usoarmatur.com\/#\/schema\/logo\/image\/"}}]}},"_links":{"self":[{"href":"https:\/\/usoarmatur.com\/en\/wp-json\/wp\/v2\/pages\/556","targetHints":{"allow":["GET"]}}],"collection":[{"href":"https:\/\/usoarmatur.com\/en\/wp-json\/wp\/v2\/pages"}],"about":[{"href":"https:\/\/usoarmatur.com\/en\/wp-json\/wp\/v2\/types\/page"}],"author":[{"embeddable":true,"href":"https:\/\/usoarmatur.com\/en\/wp-json\/wp\/v2\/users\/1"}],"replies":[{"embeddable":true,"href":"https:\/\/usoarmatur.com\/en\/wp-json\/wp\/v2\/comments?post=556"}],"version-history":[{"count":2,"href":"https:\/\/usoarmatur.com\/en\/wp-json\/wp\/v2\/pages\/556\/revisions"}],"predecessor-version":[{"id":1753,"href":"https:\/\/usoarmatur.com\/en\/wp-json\/wp\/v2\/pages\/556\/revisions\/1753"}],"up":[{"embeddable":true,"href":"https:\/\/usoarmatur.com\/en\/wp-json\/wp\/v2\/pages\/35"}],"wp:attachment":[{"href":"https:\/\/usoarmatur.com\/en\/wp-json\/wp\/v2\/media?parent=556"}],"curies":[{"name":"wp","href":"https:\/\/api.w.org\/{rel}","templated":true}]}}